{"id":8814,"date":"2023-10-31T14:55:27","date_gmt":"2023-10-31T14:55:27","guid":{"rendered":"https:\/\/b2c.battistellag.eu\/azienda\/"},"modified":"2024-06-20T15:39:20","modified_gmt":"2024-06-20T15:39:20","slug":"empresa","status":"publish","type":"page","link":"https:\/\/shop.battistellag.eu\/pt-pt\/empresa\/","title":{"rendered":"Empresa"},"content":{"rendered":"<p>[et_pb_section fb_built=&#8221;1&#8243; admin_label=&#8221;Header&#8221; _builder_version=&#8221;4.23&#8243; _module_preset=&#8221;default&#8221; background_color=&#8221;gcid-1ceede91-71be-464b-930c-ee204c722893&#8243; collapsed=&#8221;on&#8221; global_colors_info=&#8221;{%22gcid-1ceede91-71be-464b-930c-ee204c722893%22:%91%22background_color%22%93}&#8221;][et_pb_row column_structure=&#8221;3_5,2_5&#8243; use_custom_gutter=&#8221;on&#8221; gutter_width=&#8221;2&#8243; make_equal=&#8221;on&#8221; _builder_version=&#8221;4.23&#8243; _module_preset=&#8221;default&#8221; background_enable_image=&#8221;off&#8221; global_colors_info=&#8221;{}&#8221;][et_pb_column type=&#8221;3_5&#8243; _builder_version=&#8221;4.23&#8243; _module_preset=&#8221;default&#8221; background_color=&#8221;rgba(130,136,140,0.25)&#8221; custom_padding=&#8221;40px|40px|40px|40px|true|true&#8221; custom_padding_tablet=&#8221;30px|30px|30px|30px|true|true&#8221; custom_padding_phone=&#8221;20px|20px|20px|20px|true|true&#8221; custom_padding_last_edited=&#8221;on|desktop&#8221; border_radii=&#8221;on|20px|20px|20px|20px&#8221; global_colors_info=&#8221;{}&#8221;][et_pb_text _builder_version=&#8221;4.23&#8243; _module_preset=&#8221;f95af86d-42d7-4e68-8702-a1b091e5c6ad&#8221; header_4_font=&#8221;|700||on|||||&#8221; global_colors_info=&#8221;{}&#8221;]<\/p>\n<h4>MAIS DE 40 ANOS DE EXPERIENCIA<\/h4>\n<p>[\/et_pb_text][et_pb_text _builder_version=&#8221;4.23&#8243; _module_preset=&#8221;76956984-c6b7-431c-ad14-eff4120dd44e&#8221; header_font=&#8221;|600||on|||||&#8221; custom_margin=&#8221;||10px||false|false&#8221; global_colors_info=&#8221;{}&#8221;]<\/p>\n<h1>A nossa hist\u00f3ria<\/h1>\n<p>[\/et_pb_text][et_pb_text _builder_version=&#8221;4.23&#8243; _module_preset=&#8221;8a690b6a-d163-4ac9-88a1-6b947546cda3&#8243; text_font=&#8221;||||||||&#8221; global_colors_info=&#8221;{}&#8221;]<\/p>\n<p>A Battistella B. G. S.r.l. tem mais de quarenta anos de experi\u00eancia, o que lhe permitiu dar a conhecer a sua marca em todo o mundo. H\u00e1 anos que planeiam e vendem m\u00e1quinas de engomar para uso semiprofissional e industrial.<\/p>\n<p>[\/et_pb_text][et_pb_button button_text=&#8221;Shop Online&#8221; _builder_version=&#8221;4.23&#8243; _module_preset=&#8221;cce7dbd9-605d-44df-8d5e-c4af9776c859&#8243; button_bg_color=&#8221;#FFFFFF&#8221; button_font=&#8221;|700||on|||||&#8221; button_use_icon=&#8221;off&#8221; global_colors_info=&#8221;{}&#8221; button_text_color__hover_enabled=&#8221;on|hover&#8221; button_text_color__hover=&#8221;#FFFFFF&#8221;][\/et_pb_button][\/et_pb_column][et_pb_column type=&#8221;2_5&#8243; _builder_version=&#8221;4.23&#8243; _module_preset=&#8221;default&#8221; background_image=&#8221;https:\/\/shop.battistellag.eu\/wp-content\/uploads\/2023\/10\/azienda-full.jpeg&#8221; background_position=&#8221;center_right&#8221; border_radii=&#8221;on|20px|20px|20px|20px&#8221; global_colors_info=&#8221;{}&#8221;][et_pb_divider show_divider=&#8221;off&#8221; _builder_version=&#8221;4.22.0&#8243; _module_preset=&#8221;default&#8221; height_tablet=&#8221;40vw&#8221; height_phone=&#8221;40vw&#8221; height_last_edited=&#8221;on|desktop&#8221; locked=&#8221;off&#8221; global_colors_info=&#8221;{}&#8221;][\/et_pb_divider][\/et_pb_column][\/et_pb_row][\/et_pb_section][et_pb_section fb_built=&#8221;1&#8243; admin_label=&#8221;About&#8221; _builder_version=&#8221;4.23&#8243; _module_preset=&#8221;default&#8221; background_color=&#8221;rgba(130,136,140,0.25)&#8221; locked=&#8221;off&#8221; collapsed=&#8221;on&#8221; global_colors_info=&#8221;{}&#8221;][et_pb_row column_structure=&#8221;2_5,3_5&#8243; make_equal=&#8221;on&#8221; _builder_version=&#8221;4.23&#8243; _module_preset=&#8221;default&#8221; custom_css_main_element=&#8221;align-items:center;&#8221; global_colors_info=&#8221;{}&#8221;][et_pb_column type=&#8221;2_5&#8243; _builder_version=&#8221;4.22.0&#8243; _module_preset=&#8221;default&#8221; global_colors_info=&#8221;{}&#8221;][et_pb_image src=&#8221;https:\/\/shop.battistellag.eu\/wp-content\/uploads\/2023\/10\/IRIDE-frame2mod.jpg&#8221; title_text=&#8221;IRIDE-frame2mod&#8221; _builder_version=&#8221;4.23&#8243; _module_preset=&#8221;default&#8221; border_radii=&#8221;on|20px|20px|20px|20px&#8221; global_colors_info=&#8221;{}&#8221;][\/et_pb_image][\/et_pb_column][et_pb_column type=&#8221;3_5&#8243; _builder_version=&#8221;4.22.0&#8243; _module_preset=&#8221;default&#8221; global_colors_info=&#8221;{}&#8221;][et_pb_text _builder_version=&#8221;4.23&#8243; _module_preset=&#8221;f95af86d-42d7-4e68-8702-a1b091e5c6ad&#8221; header_4_text_color=&#8221;#101827&#8243; global_colors_info=&#8221;{}&#8221;]<\/p>\n<h4>crescimento e desenvolvimento<\/h4>\n<p>[\/et_pb_text][et_pb_text _builder_version=&#8221;4.23&#8243; _module_preset=&#8221;af231783-fd20-4af4-9600-2db81ccf2757&#8243; header_2_font=&#8221;|600||on|||||&#8221; header_2_text_color=&#8221;#101827&#8243; header_4_text_color=&#8221;#101827&#8243; custom_margin=&#8221;||10px||false|false&#8221; global_colors_info=&#8221;{}&#8221;]<\/p>\n<h2>Battistella<\/h2>\n<p>[\/et_pb_text][et_pb_text _builder_version=&#8221;4.23&#8243; _module_preset=&#8221;8a690b6a-d163-4ac9-88a1-6b947546cda3&#8243; text_font=&#8221;||||||||&#8221; text_text_color=&#8221;#101827&#8243; header_4_text_color=&#8221;#101827&#8243; global_colors_info=&#8221;{}&#8221;]<\/p>\n<p>Agora resta muito pouco da pequena empresa que h\u00e1 trinta anos produzia caldeiras e t\u00e1buas para o mercado local. Hoje a empresa Battistella tem mais de setenta modelos de t\u00e1buas, geradores de vapor, removedores de manchas, toppers, manequins e prensas. O que sempre caracterizou a marca BG e tornou poss\u00edvel a sua difus\u00e3o foi a qualidade, funcionalidade e respeito pelas normas de seguran\u00e7a. Uma r\u00e1pida distribui\u00e7\u00e3o da mercadoria \u00e9 tamb\u00e9m poss\u00edvel gra\u00e7as ao grande armaz\u00e9m, equipado com uma vasta gama de produtos e pe\u00e7as sobressalentes para pronta entrega.<\/p>\n<p>Ao conceber novos modelos, o departamento t\u00e9cnico visa criar m\u00e1quinas que se caracterizam por um baixo consumo e alto rendimento; entre estas lembramos os geradores de vapor operados eletronicamente e os manequins pneum\u00e1ticos, concebidos especificamente para clientes que requerem uma engomagem r\u00e1pida e de alto n\u00edvel. Aproveitando as solicita\u00e7\u00f5es de uma clientela cada vez mais vasta e exigente, estamos constantemente a trabalhar na cria\u00e7\u00e3o de produtos inovadores, bem como na revis\u00e3o e otimiza\u00e7\u00e3o dos j\u00e1 existentes.<\/p>\n<p>E \u00e9 precisamente o esp\u00edrito de inova\u00e7\u00e3o e investiga\u00e7\u00e3o tecnol\u00f3gica cont\u00ednua que fazem da empresa Battistella uma realidade din\u00e2mica e em constante crescimento. Gra\u00e7as a esse desejo de renova\u00e7\u00e3o, foram tamb\u00e9m criadas m\u00e1quinas de esteriliza\u00e7\u00e3o e limpeza para os setores odontol\u00f3gico e de ouriversaria. Toda a gama de produtos est\u00e1 dispon\u00edvel no showroom na Via Bessica em Rossano Veneto.<\/p>\n<p>[\/et_pb_text][\/et_pb_column][\/et_pb_row][\/et_pb_section]<\/p>\n","protected":false},"excerpt":{"rendered":"<p>MAIS DE 40 ANOS DE EXPERIENCIAA nossa hist\u00f3riaA Battistella B. G. S.r.l. tem mais de quarenta anos de experi\u00eancia, o que lhe permitiu dar a conhecer a sua marca em todo o mundo. H\u00e1 anos que planeiam e vendem m\u00e1quinas de engomar para uso semiprofissional e industrial.crescimento e desenvolvimentoBattistellaAgora resta muito pouco da pequena empresa [&hellip;]<\/p>\n","protected":false},"author":1,"featured_media":0,"parent":0,"menu_order":0,"comment_status":"closed","ping_status":"closed","template":"","meta":{"_acf_changed":false,"_et_pb_use_builder":"on","_et_pb_old_content":"","_et_gb_content_width":"","inline_featured_image":false,"footnotes":""},"class_list":["post-8814","page","type-page","status-publish","hentry"],"acf":[],"yoast_head":"<!-- This site is optimized with the Yoast SEO plugin v27.5 - https:\/\/yoast.com\/product\/yoast-seo-wordpress\/ -->\n<title>Empresa - Battistella - B2C<\/title>\n<meta name=\"robots\" content=\"noindex, follow, max-snippet:-1, max-image-preview:large, max-video-preview:-1\" \/>\n<meta property=\"og:locale\" content=\"pt_PT\" \/>\n<meta property=\"og:type\" content=\"article\" \/>\n<meta property=\"og:title\" content=\"Empresa - Battistella - B2C\" \/>\n<meta property=\"og:description\" content=\"MAIS DE 40 ANOS DE EXPERIENCIAA nossa hist\u00f3riaA Battistella B. G. S.r.l. tem mais de quarenta anos de experi\u00eancia, o que lhe permitiu dar a conhecer a sua marca em todo o mundo. H\u00e1 anos que planeiam e vendem m\u00e1quinas de engomar para uso semiprofissional e industrial.crescimento e desenvolvimentoBattistellaAgora resta muito pouco da pequena empresa [&hellip;]\" \/>\n<meta property=\"og:url\" content=\"https:\/\/shop.battistellag.eu\/pt-pt\/empresa\/\" \/>\n<meta property=\"og:site_name\" content=\"Battistella - B2C\" \/>\n<meta property=\"article:modified_time\" content=\"2024-06-20T15:39:20+00:00\" \/>\n<meta name=\"twitter:card\" content=\"summary_large_image\" \/>\n<meta name=\"twitter:label1\" content=\"Tempo estimado de leitura\" \/>\n\t<meta name=\"twitter:data1\" content=\"2 minutos\" \/>\n<script type=\"application\/ld+json\" class=\"yoast-schema-graph\">{\"@context\":\"https:\\\/\\\/schema.org\",\"@graph\":[{\"@type\":\"WebPage\",\"@id\":\"https:\\\/\\\/shop.battistellag.eu\\\/pt-pt\\\/empresa\\\/\",\"url\":\"https:\\\/\\\/shop.battistellag.eu\\\/pt-pt\\\/empresa\\\/\",\"name\":\"Empresa - Battistella - B2C\",\"isPartOf\":{\"@id\":\"https:\\\/\\\/shop.battistellag.eu\\\/pt-pt\\\/#website\"},\"datePublished\":\"2023-10-31T14:55:27+00:00\",\"dateModified\":\"2024-06-20T15:39:20+00:00\",\"breadcrumb\":{\"@id\":\"https:\\\/\\\/shop.battistellag.eu\\\/pt-pt\\\/empresa\\\/#breadcrumb\"},\"inLanguage\":\"pt-PT\",\"potentialAction\":[{\"@type\":\"ReadAction\",\"target\":[\"https:\\\/\\\/shop.battistellag.eu\\\/pt-pt\\\/empresa\\\/\"]}]},{\"@type\":\"BreadcrumbList\",\"@id\":\"https:\\\/\\\/shop.battistellag.eu\\\/pt-pt\\\/empresa\\\/#breadcrumb\",\"itemListElement\":[{\"@type\":\"ListItem\",\"position\":1,\"name\":\"Home\",\"item\":\"https:\\\/\\\/shop.battistellag.eu\\\/pt-pt\\\/\"},{\"@type\":\"ListItem\",\"position\":2,\"name\":\"Empresa\"}]},{\"@type\":\"WebSite\",\"@id\":\"https:\\\/\\\/shop.battistellag.eu\\\/pt-pt\\\/#website\",\"url\":\"https:\\\/\\\/shop.battistellag.eu\\\/pt-pt\\\/\",\"name\":\"Battistella - B2C\",\"description\":\"\",\"publisher\":{\"@id\":\"https:\\\/\\\/shop.battistellag.eu\\\/pt-pt\\\/#organization\"},\"potentialAction\":[{\"@type\":\"SearchAction\",\"target\":{\"@type\":\"EntryPoint\",\"urlTemplate\":\"https:\\\/\\\/shop.battistellag.eu\\\/pt-pt\\\/?s={search_term_string}\"},\"query-input\":{\"@type\":\"PropertyValueSpecification\",\"valueRequired\":true,\"valueName\":\"search_term_string\"}}],\"inLanguage\":\"pt-PT\"},{\"@type\":\"Organization\",\"@id\":\"https:\\\/\\\/shop.battistellag.eu\\\/pt-pt\\\/#organization\",\"name\":\"Battistella - B2C\",\"url\":\"https:\\\/\\\/shop.battistellag.eu\\\/pt-pt\\\/\",\"logo\":{\"@type\":\"ImageObject\",\"inLanguage\":\"pt-PT\",\"@id\":\"https:\\\/\\\/shop.battistellag.eu\\\/pt-pt\\\/#\\\/schema\\\/logo\\\/image\\\/\",\"url\":\"https:\\\/\\\/shop.battistellag.eu\\\/wp-content\\\/uploads\\\/2023\\\/10\\\/logo.webp\",\"contentUrl\":\"https:\\\/\\\/shop.battistellag.eu\\\/wp-content\\\/uploads\\\/2023\\\/10\\\/logo.webp\",\"width\":1445,\"height\":384,\"caption\":\"Battistella - B2C\"},\"image\":{\"@id\":\"https:\\\/\\\/shop.battistellag.eu\\\/pt-pt\\\/#\\\/schema\\\/logo\\\/image\\\/\"}}]}<\/script>\n<!-- \/ Yoast SEO plugin. -->","yoast_head_json":{"title":"Empresa - Battistella - B2C","robots":{"index":"noindex","follow":"follow","max-snippet":"max-snippet:-1","max-image-preview":"max-image-preview:large","max-video-preview":"max-video-preview:-1"},"og_locale":"pt_PT","og_type":"article","og_title":"Empresa - Battistella - B2C","og_description":"MAIS DE 40 ANOS DE EXPERIENCIAA nossa hist\u00f3riaA Battistella B. G. S.r.l. tem mais de quarenta anos de experi\u00eancia, o que lhe permitiu dar a conhecer a sua marca em todo o mundo. H\u00e1 anos que planeiam e vendem m\u00e1quinas de engomar para uso semiprofissional e industrial.crescimento e desenvolvimentoBattistellaAgora resta muito pouco da pequena empresa [&hellip;]","og_url":"https:\/\/shop.battistellag.eu\/pt-pt\/empresa\/","og_site_name":"Battistella - B2C","article_modified_time":"2024-06-20T15:39:20+00:00","twitter_card":"summary_large_image","twitter_misc":{"Tempo estimado de leitura":"2 minutos"},"schema":{"@context":"https:\/\/schema.org","@graph":[{"@type":"WebPage","@id":"https:\/\/shop.battistellag.eu\/pt-pt\/empresa\/","url":"https:\/\/shop.battistellag.eu\/pt-pt\/empresa\/","name":"Empresa - Battistella - B2C","isPartOf":{"@id":"https:\/\/shop.battistellag.eu\/pt-pt\/#website"},"datePublished":"2023-10-31T14:55:27+00:00","dateModified":"2024-06-20T15:39:20+00:00","breadcrumb":{"@id":"https:\/\/shop.battistellag.eu\/pt-pt\/empresa\/#breadcrumb"},"inLanguage":"pt-PT","potentialAction":[{"@type":"ReadAction","target":["https:\/\/shop.battistellag.eu\/pt-pt\/empresa\/"]}]},{"@type":"BreadcrumbList","@id":"https:\/\/shop.battistellag.eu\/pt-pt\/empresa\/#breadcrumb","itemListElement":[{"@type":"ListItem","position":1,"name":"Home","item":"https:\/\/shop.battistellag.eu\/pt-pt\/"},{"@type":"ListItem","position":2,"name":"Empresa"}]},{"@type":"WebSite","@id":"https:\/\/shop.battistellag.eu\/pt-pt\/#website","url":"https:\/\/shop.battistellag.eu\/pt-pt\/","name":"Battistella - B2C","description":"","publisher":{"@id":"https:\/\/shop.battistellag.eu\/pt-pt\/#organization"},"potentialAction":[{"@type":"SearchAction","target":{"@type":"EntryPoint","urlTemplate":"https:\/\/shop.battistellag.eu\/pt-pt\/?s={search_term_string}"},"query-input":{"@type":"PropertyValueSpecification","valueRequired":true,"valueName":"search_term_string"}}],"inLanguage":"pt-PT"},{"@type":"Organization","@id":"https:\/\/shop.battistellag.eu\/pt-pt\/#organization","name":"Battistella - B2C","url":"https:\/\/shop.battistellag.eu\/pt-pt\/","logo":{"@type":"ImageObject","inLanguage":"pt-PT","@id":"https:\/\/shop.battistellag.eu\/pt-pt\/#\/schema\/logo\/image\/","url":"https:\/\/shop.battistellag.eu\/wp-content\/uploads\/2023\/10\/logo.webp","contentUrl":"https:\/\/shop.battistellag.eu\/wp-content\/uploads\/2023\/10\/logo.webp","width":1445,"height":384,"caption":"Battistella - B2C"},"image":{"@id":"https:\/\/shop.battistellag.eu\/pt-pt\/#\/schema\/logo\/image\/"}}]}},"_links":{"self":[{"href":"https:\/\/shop.battistellag.eu\/pt-pt\/wp-json\/wp\/v2\/pages\/8814","targetHints":{"allow":["GET"]}}],"collection":[{"href":"https:\/\/shop.battistellag.eu\/pt-pt\/wp-json\/wp\/v2\/pages"}],"about":[{"href":"https:\/\/shop.battistellag.eu\/pt-pt\/wp-json\/wp\/v2\/types\/page"}],"author":[{"embeddable":true,"href":"https:\/\/shop.battistellag.eu\/pt-pt\/wp-json\/wp\/v2\/users\/1"}],"replies":[{"embeddable":true,"href":"https:\/\/shop.battistellag.eu\/pt-pt\/wp-json\/wp\/v2\/comments?post=8814"}],"version-history":[{"count":4,"href":"https:\/\/shop.battistellag.eu\/pt-pt\/wp-json\/wp\/v2\/pages\/8814\/revisions"}],"predecessor-version":[{"id":8831,"href":"https:\/\/shop.battistellag.eu\/pt-pt\/wp-json\/wp\/v2\/pages\/8814\/revisions\/8831"}],"wp:attachment":[{"href":"https:\/\/shop.battistellag.eu\/pt-pt\/wp-json\/wp\/v2\/media?parent=8814"}],"curies":[{"name":"wp","href":"https:\/\/api.w.org\/{rel}","templated":true}]}}