{"id":5381,"date":"2020-07-16T06:13:27","date_gmt":"2020-07-16T06:13:27","guid":{"rendered":"https:\/\/b2c.battistellag.eu\/prodotto\/tecnovapor\/"},"modified":"2023-10-25T09:16:54","modified_gmt":"2023-10-25T09:16:54","slug":"tecnovapor","status":"publish","type":"product","link":"https:\/\/shop.battistellag.eu\/fr\/produit\/tecnovapor\/","title":{"rendered":"Tecnovapor"},"content":{"rendered":"","protected":false},"excerpt":{"rendered":"<p>Table \u00e0 repasser pliable, aspirante, soufflante, chauffante avec chaudi\u00e8re de 2,2 L et fer \u00e0 repasser<\/p>\n","protected":false},"featured_media":1923,"template":"","meta":{"_acf_changed":false,"_et_pb_use_builder":"","_et_pb_old_content":"","_et_gb_content_width":"","inline_featured_image":false},"product_brand":[],"product_cat":[2279],"product_tag":[],"class_list":{"0":"post-5381","1":"product","2":"type-product","3":"status-publish","4":"has-post-thumbnail","6":"product_cat-tables-a-repasser-avec-fer-a-repasser-et-chaudiere","7":"pa_alimentazione-230-v-50-hz-fr","8":"pa_autonomia-di-stiro-2-h-fr","9":"pa_capacita-utile-15-l-fr","10":"pa_ingombro-127x48x90-h-cm-fr","11":"pa_ingombro-chiuso-50x48x113-h-cm-fr","12":"pa_peso-30-kg-fr","13":"pa_potenza-caldaia-1150-w-fr","14":"pa_potenza-ferro-800-w-fr","15":"pa_potenza-piano-lavoro-600-w-fr","16":"pa_potenza-totale-2575-w-fr","18":"first","19":"instock","20":"purchasable","21":"product-type-simple","22":"add-to-wishlist-before_image"},"acf":[],"yoast_head":"<!-- This site is optimized with the Yoast SEO plugin v27.5 - https:\/\/yoast.com\/product\/yoast-seo-wordpress\/ -->\n<title>Tecnovapor - Battistella - B2C<\/title>\n<meta name=\"robots\" content=\"noindex, follow, max-snippet:-1, max-image-preview:large, max-video-preview:-1\" \/>\n<meta property=\"og:locale\" content=\"fr_FR\" \/>\n<meta property=\"og:type\" content=\"article\" \/>\n<meta property=\"og:title\" content=\"Tecnovapor - Battistella - B2C\" \/>\n<meta property=\"og:description\" content=\"Table \u00e0 repasser pliable, aspirante, soufflante, chauffante avec chaudi\u00e8re de 2,2 L et fer \u00e0 repasser\" \/>\n<meta property=\"og:url\" content=\"https:\/\/shop.battistellag.eu\/fr\/produit\/tecnovapor\/\" \/>\n<meta property=\"og:site_name\" content=\"Battistella - B2C\" \/>\n<meta property=\"article:modified_time\" content=\"2023-10-25T09:16:54+00:00\" \/>\n<meta property=\"og:image\" content=\"https:\/\/shop.battistellag.eu\/wp-content\/uploads\/2023\/10\/tecnovapo-soffiante-800.png\" \/>\n\t<meta property=\"og:image:width\" content=\"800\" \/>\n\t<meta property=\"og:image:height\" content=\"800\" \/>\n\t<meta property=\"og:image:type\" content=\"image\/png\" \/>\n<meta name=\"twitter:card\" content=\"summary_large_image\" \/>\n<script type=\"application\/ld+json\" class=\"yoast-schema-graph\">{\"@context\":\"https:\\\/\\\/schema.org\",\"@graph\":[{\"@type\":\"WebPage\",\"@id\":\"https:\\\/\\\/shop.battistellag.eu\\\/fr\\\/produit\\\/tecnovapor\\\/\",\"url\":\"https:\\\/\\\/shop.battistellag.eu\\\/fr\\\/produit\\\/tecnovapor\\\/\",\"name\":\"Tecnovapor - Battistella - B2C\",\"isPartOf\":{\"@id\":\"https:\\\/\\\/shop.battistellag.eu\\\/fr\\\/#website\"},\"primaryImageOfPage\":{\"@id\":\"https:\\\/\\\/shop.battistellag.eu\\\/fr\\\/produit\\\/tecnovapor\\\/#primaryimage\"},\"image\":{\"@id\":\"https:\\\/\\\/shop.battistellag.eu\\\/fr\\\/produit\\\/tecnovapor\\\/#primaryimage\"},\"thumbnailUrl\":\"https:\\\/\\\/shop.battistellag.eu\\\/wp-content\\\/uploads\\\/2023\\\/10\\\/tecnovapo-soffiante-800.png\",\"datePublished\":\"2020-07-16T06:13:27+00:00\",\"dateModified\":\"2023-10-25T09:16:54+00:00\",\"breadcrumb\":{\"@id\":\"https:\\\/\\\/shop.battistellag.eu\\\/fr\\\/produit\\\/tecnovapor\\\/#breadcrumb\"},\"inLanguage\":\"fr-FR\",\"potentialAction\":[{\"@type\":\"ReadAction\",\"target\":[\"https:\\\/\\\/shop.battistellag.eu\\\/fr\\\/produit\\\/tecnovapor\\\/\"]}]},{\"@type\":\"ImageObject\",\"inLanguage\":\"fr-FR\",\"@id\":\"https:\\\/\\\/shop.battistellag.eu\\\/fr\\\/produit\\\/tecnovapor\\\/#primaryimage\",\"url\":\"https:\\\/\\\/shop.battistellag.eu\\\/wp-content\\\/uploads\\\/2023\\\/10\\\/tecnovapo-soffiante-800.png\",\"contentUrl\":\"https:\\\/\\\/shop.battistellag.eu\\\/wp-content\\\/uploads\\\/2023\\\/10\\\/tecnovapo-soffiante-800.png\",\"width\":800,\"height\":800},{\"@type\":\"BreadcrumbList\",\"@id\":\"https:\\\/\\\/shop.battistellag.eu\\\/fr\\\/produit\\\/tecnovapor\\\/#breadcrumb\",\"itemListElement\":[{\"@type\":\"ListItem\",\"position\":1,\"name\":\"Home\",\"item\":\"https:\\\/\\\/shop.battistellag.eu\\\/fr\\\/\"},{\"@type\":\"ListItem\",\"position\":2,\"name\":\"Tous les produits\",\"item\":\"https:\\\/\\\/shop.battistellag.eu\\\/prodotti\\\/\"},{\"@type\":\"ListItem\",\"position\":3,\"name\":\"Tecnovapor\"}]},{\"@type\":\"WebSite\",\"@id\":\"https:\\\/\\\/shop.battistellag.eu\\\/fr\\\/#website\",\"url\":\"https:\\\/\\\/shop.battistellag.eu\\\/fr\\\/\",\"name\":\"Battistella - B2C\",\"description\":\"\",\"publisher\":{\"@id\":\"https:\\\/\\\/shop.battistellag.eu\\\/fr\\\/#organization\"},\"potentialAction\":[{\"@type\":\"SearchAction\",\"target\":{\"@type\":\"EntryPoint\",\"urlTemplate\":\"https:\\\/\\\/shop.battistellag.eu\\\/fr\\\/?s={search_term_string}\"},\"query-input\":{\"@type\":\"PropertyValueSpecification\",\"valueRequired\":true,\"valueName\":\"search_term_string\"}}],\"inLanguage\":\"fr-FR\"},{\"@type\":\"Organization\",\"@id\":\"https:\\\/\\\/shop.battistellag.eu\\\/fr\\\/#organization\",\"name\":\"Battistella - B2C\",\"url\":\"https:\\\/\\\/shop.battistellag.eu\\\/fr\\\/\",\"logo\":{\"@type\":\"ImageObject\",\"inLanguage\":\"fr-FR\",\"@id\":\"https:\\\/\\\/shop.battistellag.eu\\\/fr\\\/#\\\/schema\\\/logo\\\/image\\\/\",\"url\":\"https:\\\/\\\/shop.battistellag.eu\\\/wp-content\\\/uploads\\\/2023\\\/10\\\/logo.webp\",\"contentUrl\":\"https:\\\/\\\/shop.battistellag.eu\\\/wp-content\\\/uploads\\\/2023\\\/10\\\/logo.webp\",\"width\":1445,\"height\":384,\"caption\":\"Battistella - B2C\"},\"image\":{\"@id\":\"https:\\\/\\\/shop.battistellag.eu\\\/fr\\\/#\\\/schema\\\/logo\\\/image\\\/\"}}]}<\/script>\n<!-- \/ Yoast SEO plugin. -->","yoast_head_json":{"title":"Tecnovapor - Battistella - B2C","robots":{"index":"noindex","follow":"follow","max-snippet":"max-snippet:-1","max-image-preview":"max-image-preview:large","max-video-preview":"max-video-preview:-1"},"og_locale":"fr_FR","og_type":"article","og_title":"Tecnovapor - Battistella - B2C","og_description":"Table \u00e0 repasser pliable, aspirante, soufflante, chauffante avec chaudi\u00e8re de 2,2 L et fer \u00e0 repasser","og_url":"https:\/\/shop.battistellag.eu\/fr\/produit\/tecnovapor\/","og_site_name":"Battistella - B2C","article_modified_time":"2023-10-25T09:16:54+00:00","og_image":[{"width":800,"height":800,"url":"https:\/\/shop.battistellag.eu\/wp-content\/uploads\/2023\/10\/tecnovapo-soffiante-800.png","type":"image\/png"}],"twitter_card":"summary_large_image","schema":{"@context":"https:\/\/schema.org","@graph":[{"@type":"WebPage","@id":"https:\/\/shop.battistellag.eu\/fr\/produit\/tecnovapor\/","url":"https:\/\/shop.battistellag.eu\/fr\/produit\/tecnovapor\/","name":"Tecnovapor - Battistella - B2C","isPartOf":{"@id":"https:\/\/shop.battistellag.eu\/fr\/#website"},"primaryImageOfPage":{"@id":"https:\/\/shop.battistellag.eu\/fr\/produit\/tecnovapor\/#primaryimage"},"image":{"@id":"https:\/\/shop.battistellag.eu\/fr\/produit\/tecnovapor\/#primaryimage"},"thumbnailUrl":"https:\/\/shop.battistellag.eu\/wp-content\/uploads\/2023\/10\/tecnovapo-soffiante-800.png","datePublished":"2020-07-16T06:13:27+00:00","dateModified":"2023-10-25T09:16:54+00:00","breadcrumb":{"@id":"https:\/\/shop.battistellag.eu\/fr\/produit\/tecnovapor\/#breadcrumb"},"inLanguage":"fr-FR","potentialAction":[{"@type":"ReadAction","target":["https:\/\/shop.battistellag.eu\/fr\/produit\/tecnovapor\/"]}]},{"@type":"ImageObject","inLanguage":"fr-FR","@id":"https:\/\/shop.battistellag.eu\/fr\/produit\/tecnovapor\/#primaryimage","url":"https:\/\/shop.battistellag.eu\/wp-content\/uploads\/2023\/10\/tecnovapo-soffiante-800.png","contentUrl":"https:\/\/shop.battistellag.eu\/wp-content\/uploads\/2023\/10\/tecnovapo-soffiante-800.png","width":800,"height":800},{"@type":"BreadcrumbList","@id":"https:\/\/shop.battistellag.eu\/fr\/produit\/tecnovapor\/#breadcrumb","itemListElement":[{"@type":"ListItem","position":1,"name":"Home","item":"https:\/\/shop.battistellag.eu\/fr\/"},{"@type":"ListItem","position":2,"name":"Tous les produits","item":"https:\/\/shop.battistellag.eu\/prodotti\/"},{"@type":"ListItem","position":3,"name":"Tecnovapor"}]},{"@type":"WebSite","@id":"https:\/\/shop.battistellag.eu\/fr\/#website","url":"https:\/\/shop.battistellag.eu\/fr\/","name":"Battistella - B2C","description":"","publisher":{"@id":"https:\/\/shop.battistellag.eu\/fr\/#organization"},"potentialAction":[{"@type":"SearchAction","target":{"@type":"EntryPoint","urlTemplate":"https:\/\/shop.battistellag.eu\/fr\/?s={search_term_string}"},"query-input":{"@type":"PropertyValueSpecification","valueRequired":true,"valueName":"search_term_string"}}],"inLanguage":"fr-FR"},{"@type":"Organization","@id":"https:\/\/shop.battistellag.eu\/fr\/#organization","name":"Battistella - B2C","url":"https:\/\/shop.battistellag.eu\/fr\/","logo":{"@type":"ImageObject","inLanguage":"fr-FR","@id":"https:\/\/shop.battistellag.eu\/fr\/#\/schema\/logo\/image\/","url":"https:\/\/shop.battistellag.eu\/wp-content\/uploads\/2023\/10\/logo.webp","contentUrl":"https:\/\/shop.battistellag.eu\/wp-content\/uploads\/2023\/10\/logo.webp","width":1445,"height":384,"caption":"Battistella - B2C"},"image":{"@id":"https:\/\/shop.battistellag.eu\/fr\/#\/schema\/logo\/image\/"}}]}},"_links":{"self":[{"href":"https:\/\/shop.battistellag.eu\/fr\/wp-json\/wp\/v2\/product\/5381","targetHints":{"allow":["GET"]}}],"collection":[{"href":"https:\/\/shop.battistellag.eu\/fr\/wp-json\/wp\/v2\/product"}],"about":[{"href":"https:\/\/shop.battistellag.eu\/fr\/wp-json\/wp\/v2\/types\/product"}],"wp:featuredmedia":[{"embeddable":true,"href":"https:\/\/shop.battistellag.eu\/fr\/wp-json\/wp\/v2\/media\/1923"}],"wp:attachment":[{"href":"https:\/\/shop.battistellag.eu\/fr\/wp-json\/wp\/v2\/media?parent=5381"}],"wp:term":[{"taxonomy":"product_brand","embeddable":true,"href":"https:\/\/shop.battistellag.eu\/fr\/wp-json\/wp\/v2\/product_brand?post=5381"},{"taxonomy":"product_cat","embeddable":true,"href":"https:\/\/shop.battistellag.eu\/fr\/wp-json\/wp\/v2\/product_cat?post=5381"},{"taxonomy":"product_tag","embeddable":true,"href":"https:\/\/shop.battistellag.eu\/fr\/wp-json\/wp\/v2\/product_tag?post=5381"}],"curies":[{"name":"wp","href":"https:\/\/api.w.org\/{rel}","templated":true}]}}