{"id":4798,"date":"2020-07-14T13:46:52","date_gmt":"2020-07-14T13:46:52","guid":{"rendered":"https:\/\/b2c.battistellag.eu\/prodotto\/opera\/"},"modified":"2023-10-25T09:09:53","modified_gmt":"2023-10-25T09:09:53","slug":"opera","status":"publish","type":"product","link":"https:\/\/shop.battistellag.eu\/fr\/produit\/opera\/","title":{"rendered":"Opera"},"content":{"rendered":"","protected":false},"excerpt":{"rendered":"<p>G\u00e9n\u00e9rateur de vapeur avec chaudi\u00e8re de 2,2 L et fer \u00e0 repasser ergonomique<\/p>\n","protected":false},"featured_media":848,"template":"","meta":{"_acf_changed":false,"_et_pb_use_builder":"","_et_pb_old_content":"","_et_gb_content_width":"","inline_featured_image":false},"product_brand":[],"product_cat":[2257],"product_tag":[],"class_list":{"0":"post-4798","1":"product","2":"type-product","3":"status-publish","4":"has-post-thumbnail","6":"product_cat-fers-a-repasser-avec-chaudiere","7":"pa_alimentazione-230-v-50-hz-fr","8":"pa_autonomia-di-stiro-2---h-3-h-fr","9":"pa_capacita-utile-17-l-fr","10":"pa_ingombro-26x34x25-h-cm-fr","11":"pa_peso-9-kg-fr","12":"pa_potenza-caldaia-1300-w-fr","13":"pa_potenza-ferro-800-w-fr","14":"pa_potenza-totale-1950-w-fr","16":"first","17":"instock","18":"purchasable","19":"product-type-simple","20":"add-to-wishlist-before_image"},"acf":[],"yoast_head":"<!-- This site is optimized with the Yoast SEO plugin v27.5 - https:\/\/yoast.com\/product\/yoast-seo-wordpress\/ -->\n<title>Opera - Battistella - B2C<\/title>\n<meta name=\"robots\" content=\"noindex, follow, max-snippet:-1, max-image-preview:large, max-video-preview:-1\" \/>\n<meta property=\"og:locale\" content=\"fr_FR\" \/>\n<meta property=\"og:type\" content=\"article\" \/>\n<meta property=\"og:title\" content=\"Opera - Battistella - B2C\" \/>\n<meta property=\"og:description\" content=\"G\u00e9n\u00e9rateur de vapeur avec chaudi\u00e8re de 2,2 L et fer \u00e0 repasser ergonomique\" \/>\n<meta property=\"og:url\" content=\"https:\/\/shop.battistellag.eu\/fr\/produit\/opera\/\" \/>\n<meta property=\"og:site_name\" content=\"Battistella - B2C\" \/>\n<meta property=\"article:modified_time\" content=\"2023-10-25T09:09:53+00:00\" \/>\n<meta property=\"og:image\" content=\"https:\/\/shop.battistellag.eu\/wp-content\/uploads\/2023\/10\/opera-1-1.jpg\" \/>\n\t<meta property=\"og:image:width\" content=\"800\" \/>\n\t<meta property=\"og:image:height\" content=\"800\" \/>\n\t<meta property=\"og:image:type\" content=\"image\/jpeg\" \/>\n<meta name=\"twitter:card\" content=\"summary_large_image\" \/>\n<script type=\"application\/ld+json\" class=\"yoast-schema-graph\">{\"@context\":\"https:\\\/\\\/schema.org\",\"@graph\":[{\"@type\":\"WebPage\",\"@id\":\"https:\\\/\\\/shop.battistellag.eu\\\/fr\\\/produit\\\/opera\\\/\",\"url\":\"https:\\\/\\\/shop.battistellag.eu\\\/fr\\\/produit\\\/opera\\\/\",\"name\":\"Opera - Battistella - B2C\",\"isPartOf\":{\"@id\":\"https:\\\/\\\/shop.battistellag.eu\\\/fr\\\/#website\"},\"primaryImageOfPage\":{\"@id\":\"https:\\\/\\\/shop.battistellag.eu\\\/fr\\\/produit\\\/opera\\\/#primaryimage\"},\"image\":{\"@id\":\"https:\\\/\\\/shop.battistellag.eu\\\/fr\\\/produit\\\/opera\\\/#primaryimage\"},\"thumbnailUrl\":\"https:\\\/\\\/shop.battistellag.eu\\\/wp-content\\\/uploads\\\/2023\\\/10\\\/opera-1-1.jpg\",\"datePublished\":\"2020-07-14T13:46:52+00:00\",\"dateModified\":\"2023-10-25T09:09:53+00:00\",\"breadcrumb\":{\"@id\":\"https:\\\/\\\/shop.battistellag.eu\\\/fr\\\/produit\\\/opera\\\/#breadcrumb\"},\"inLanguage\":\"fr-FR\",\"potentialAction\":[{\"@type\":\"ReadAction\",\"target\":[\"https:\\\/\\\/shop.battistellag.eu\\\/fr\\\/produit\\\/opera\\\/\"]}]},{\"@type\":\"ImageObject\",\"inLanguage\":\"fr-FR\",\"@id\":\"https:\\\/\\\/shop.battistellag.eu\\\/fr\\\/produit\\\/opera\\\/#primaryimage\",\"url\":\"https:\\\/\\\/shop.battistellag.eu\\\/wp-content\\\/uploads\\\/2023\\\/10\\\/opera-1-1.jpg\",\"contentUrl\":\"https:\\\/\\\/shop.battistellag.eu\\\/wp-content\\\/uploads\\\/2023\\\/10\\\/opera-1-1.jpg\",\"width\":800,\"height\":800},{\"@type\":\"BreadcrumbList\",\"@id\":\"https:\\\/\\\/shop.battistellag.eu\\\/fr\\\/produit\\\/opera\\\/#breadcrumb\",\"itemListElement\":[{\"@type\":\"ListItem\",\"position\":1,\"name\":\"Home\",\"item\":\"https:\\\/\\\/shop.battistellag.eu\\\/fr\\\/\"},{\"@type\":\"ListItem\",\"position\":2,\"name\":\"Tous les produits\",\"item\":\"https:\\\/\\\/shop.battistellag.eu\\\/prodotti\\\/\"},{\"@type\":\"ListItem\",\"position\":3,\"name\":\"Opera\"}]},{\"@type\":\"WebSite\",\"@id\":\"https:\\\/\\\/shop.battistellag.eu\\\/fr\\\/#website\",\"url\":\"https:\\\/\\\/shop.battistellag.eu\\\/fr\\\/\",\"name\":\"Battistella - B2C\",\"description\":\"\",\"publisher\":{\"@id\":\"https:\\\/\\\/shop.battistellag.eu\\\/fr\\\/#organization\"},\"potentialAction\":[{\"@type\":\"SearchAction\",\"target\":{\"@type\":\"EntryPoint\",\"urlTemplate\":\"https:\\\/\\\/shop.battistellag.eu\\\/fr\\\/?s={search_term_string}\"},\"query-input\":{\"@type\":\"PropertyValueSpecification\",\"valueRequired\":true,\"valueName\":\"search_term_string\"}}],\"inLanguage\":\"fr-FR\"},{\"@type\":\"Organization\",\"@id\":\"https:\\\/\\\/shop.battistellag.eu\\\/fr\\\/#organization\",\"name\":\"Battistella - B2C\",\"url\":\"https:\\\/\\\/shop.battistellag.eu\\\/fr\\\/\",\"logo\":{\"@type\":\"ImageObject\",\"inLanguage\":\"fr-FR\",\"@id\":\"https:\\\/\\\/shop.battistellag.eu\\\/fr\\\/#\\\/schema\\\/logo\\\/image\\\/\",\"url\":\"https:\\\/\\\/shop.battistellag.eu\\\/wp-content\\\/uploads\\\/2023\\\/10\\\/logo.webp\",\"contentUrl\":\"https:\\\/\\\/shop.battistellag.eu\\\/wp-content\\\/uploads\\\/2023\\\/10\\\/logo.webp\",\"width\":1445,\"height\":384,\"caption\":\"Battistella - B2C\"},\"image\":{\"@id\":\"https:\\\/\\\/shop.battistellag.eu\\\/fr\\\/#\\\/schema\\\/logo\\\/image\\\/\"}}]}<\/script>\n<!-- \/ Yoast SEO plugin. -->","yoast_head_json":{"title":"Opera - Battistella - B2C","robots":{"index":"noindex","follow":"follow","max-snippet":"max-snippet:-1","max-image-preview":"max-image-preview:large","max-video-preview":"max-video-preview:-1"},"og_locale":"fr_FR","og_type":"article","og_title":"Opera - Battistella - B2C","og_description":"G\u00e9n\u00e9rateur de vapeur avec chaudi\u00e8re de 2,2 L et fer \u00e0 repasser ergonomique","og_url":"https:\/\/shop.battistellag.eu\/fr\/produit\/opera\/","og_site_name":"Battistella - B2C","article_modified_time":"2023-10-25T09:09:53+00:00","og_image":[{"width":800,"height":800,"url":"https:\/\/shop.battistellag.eu\/wp-content\/uploads\/2023\/10\/opera-1-1.jpg","type":"image\/jpeg"}],"twitter_card":"summary_large_image","schema":{"@context":"https:\/\/schema.org","@graph":[{"@type":"WebPage","@id":"https:\/\/shop.battistellag.eu\/fr\/produit\/opera\/","url":"https:\/\/shop.battistellag.eu\/fr\/produit\/opera\/","name":"Opera - Battistella - B2C","isPartOf":{"@id":"https:\/\/shop.battistellag.eu\/fr\/#website"},"primaryImageOfPage":{"@id":"https:\/\/shop.battistellag.eu\/fr\/produit\/opera\/#primaryimage"},"image":{"@id":"https:\/\/shop.battistellag.eu\/fr\/produit\/opera\/#primaryimage"},"thumbnailUrl":"https:\/\/shop.battistellag.eu\/wp-content\/uploads\/2023\/10\/opera-1-1.jpg","datePublished":"2020-07-14T13:46:52+00:00","dateModified":"2023-10-25T09:09:53+00:00","breadcrumb":{"@id":"https:\/\/shop.battistellag.eu\/fr\/produit\/opera\/#breadcrumb"},"inLanguage":"fr-FR","potentialAction":[{"@type":"ReadAction","target":["https:\/\/shop.battistellag.eu\/fr\/produit\/opera\/"]}]},{"@type":"ImageObject","inLanguage":"fr-FR","@id":"https:\/\/shop.battistellag.eu\/fr\/produit\/opera\/#primaryimage","url":"https:\/\/shop.battistellag.eu\/wp-content\/uploads\/2023\/10\/opera-1-1.jpg","contentUrl":"https:\/\/shop.battistellag.eu\/wp-content\/uploads\/2023\/10\/opera-1-1.jpg","width":800,"height":800},{"@type":"BreadcrumbList","@id":"https:\/\/shop.battistellag.eu\/fr\/produit\/opera\/#breadcrumb","itemListElement":[{"@type":"ListItem","position":1,"name":"Home","item":"https:\/\/shop.battistellag.eu\/fr\/"},{"@type":"ListItem","position":2,"name":"Tous les produits","item":"https:\/\/shop.battistellag.eu\/prodotti\/"},{"@type":"ListItem","position":3,"name":"Opera"}]},{"@type":"WebSite","@id":"https:\/\/shop.battistellag.eu\/fr\/#website","url":"https:\/\/shop.battistellag.eu\/fr\/","name":"Battistella - B2C","description":"","publisher":{"@id":"https:\/\/shop.battistellag.eu\/fr\/#organization"},"potentialAction":[{"@type":"SearchAction","target":{"@type":"EntryPoint","urlTemplate":"https:\/\/shop.battistellag.eu\/fr\/?s={search_term_string}"},"query-input":{"@type":"PropertyValueSpecification","valueRequired":true,"valueName":"search_term_string"}}],"inLanguage":"fr-FR"},{"@type":"Organization","@id":"https:\/\/shop.battistellag.eu\/fr\/#organization","name":"Battistella - B2C","url":"https:\/\/shop.battistellag.eu\/fr\/","logo":{"@type":"ImageObject","inLanguage":"fr-FR","@id":"https:\/\/shop.battistellag.eu\/fr\/#\/schema\/logo\/image\/","url":"https:\/\/shop.battistellag.eu\/wp-content\/uploads\/2023\/10\/logo.webp","contentUrl":"https:\/\/shop.battistellag.eu\/wp-content\/uploads\/2023\/10\/logo.webp","width":1445,"height":384,"caption":"Battistella - B2C"},"image":{"@id":"https:\/\/shop.battistellag.eu\/fr\/#\/schema\/logo\/image\/"}}]}},"_links":{"self":[{"href":"https:\/\/shop.battistellag.eu\/fr\/wp-json\/wp\/v2\/product\/4798","targetHints":{"allow":["GET"]}}],"collection":[{"href":"https:\/\/shop.battistellag.eu\/fr\/wp-json\/wp\/v2\/product"}],"about":[{"href":"https:\/\/shop.battistellag.eu\/fr\/wp-json\/wp\/v2\/types\/product"}],"wp:featuredmedia":[{"embeddable":true,"href":"https:\/\/shop.battistellag.eu\/fr\/wp-json\/wp\/v2\/media\/848"}],"wp:attachment":[{"href":"https:\/\/shop.battistellag.eu\/fr\/wp-json\/wp\/v2\/media?parent=4798"}],"wp:term":[{"taxonomy":"product_brand","embeddable":true,"href":"https:\/\/shop.battistellag.eu\/fr\/wp-json\/wp\/v2\/product_brand?post=4798"},{"taxonomy":"product_cat","embeddable":true,"href":"https:\/\/shop.battistellag.eu\/fr\/wp-json\/wp\/v2\/product_cat?post=4798"},{"taxonomy":"product_tag","embeddable":true,"href":"https:\/\/shop.battistellag.eu\/fr\/wp-json\/wp\/v2\/product_tag?post=4798"}],"curies":[{"name":"wp","href":"https:\/\/api.w.org\/{rel}","templated":true}]}}