{"id":4750,"date":"2020-07-15T05:35:19","date_gmt":"2020-07-15T05:35:19","guid":{"rendered":"https:\/\/b2c.battistellag.eu\/prodotto\/barbara-31-semi-automatique\/"},"modified":"2024-07-17T07:55:53","modified_gmt":"2024-07-17T07:55:53","slug":"barbara-31-semi-automatique","status":"publish","type":"product","link":"https:\/\/shop.battistellag.eu\/fr\/produit\/barbara-31-semi-automatique\/","title":{"rendered":"Barbara 31 Semi-Automatique"},"content":{"rendered":"","protected":false},"excerpt":{"rendered":"<p>G\u00e9n\u00e9rateur de vapeur semi-automatique avec chaudi\u00e8re de 4,5 L, pompe et fer \u00e0 repasser<\/p>\n","protected":false},"featured_media":8621,"template":"","meta":{"_acf_changed":false,"_et_pb_use_builder":"","_et_pb_old_content":"","_et_gb_content_width":"","inline_featured_image":false},"product_brand":[],"product_cat":[2257],"product_tag":[],"class_list":{"0":"post-4750","1":"product","2":"type-product","3":"status-publish","4":"has-post-thumbnail","6":"product_cat-fers-a-repasser-avec-chaudiere","7":"pa_alimentazione-230-v-50-hz-fr","8":"pa_autonomia-di-stiro-suite","9":"pa_capacita-utile-34-l-fr","10":"pa_ingombro-25x47x89-h-cm-fr","11":"pa_peso-155-kg-fr","12":"pa_potenza-caldaia-1450-w-fr","13":"pa_potenza-ferro-800-w-fr","14":"pa_potenza-pompa-48-w-fr","15":"pa_potenza-totale-2298-w-fr","16":"pa_vasca-acqua-10-l-fr","18":"first","19":"instock","20":"purchasable","21":"product-type-simple","22":"add-to-wishlist-before_image"},"acf":[],"yoast_head":"<!-- This site is optimized with the Yoast SEO plugin v27.5 - https:\/\/yoast.com\/product\/yoast-seo-wordpress\/ -->\n<title>Barbara 31 Semi-Automatique - Battistella - B2C<\/title>\n<meta name=\"robots\" content=\"noindex, follow, max-snippet:-1, max-image-preview:large, max-video-preview:-1\" \/>\n<meta property=\"og:locale\" content=\"fr_FR\" \/>\n<meta property=\"og:type\" content=\"article\" \/>\n<meta property=\"og:title\" content=\"Barbara 31 Semi-Automatique - Battistella - B2C\" \/>\n<meta property=\"og:description\" content=\"G\u00e9n\u00e9rateur de vapeur semi-automatique avec chaudi\u00e8re de 4,5 L, pompe et fer \u00e0 repasser\" \/>\n<meta property=\"og:url\" content=\"https:\/\/shop.battistellag.eu\/fr\/produit\/barbara-31-semi-automatique\/\" \/>\n<meta property=\"og:site_name\" content=\"Battistella - B2C\" \/>\n<meta property=\"article:modified_time\" content=\"2024-07-17T07:55:53+00:00\" \/>\n<meta property=\"og:image\" content=\"https:\/\/shop.battistellag.eu\/wp-content\/uploads\/2020\/07\/Barbara-semiautomatica-new.jpeg\" \/>\n\t<meta property=\"og:image:width\" content=\"800\" \/>\n\t<meta property=\"og:image:height\" content=\"800\" \/>\n\t<meta property=\"og:image:type\" content=\"image\/jpeg\" \/>\n<meta name=\"twitter:card\" content=\"summary_large_image\" \/>\n<meta name=\"twitter:label1\" content=\"Dur\u00e9e de lecture estim\u00e9e\" \/>\n\t<meta name=\"twitter:data1\" content=\"1 minute\" \/>\n<script type=\"application\/ld+json\" class=\"yoast-schema-graph\">{\"@context\":\"https:\\\/\\\/schema.org\",\"@graph\":[{\"@type\":\"WebPage\",\"@id\":\"https:\\\/\\\/shop.battistellag.eu\\\/fr\\\/produit\\\/barbara-31-semi-automatique\\\/\",\"url\":\"https:\\\/\\\/shop.battistellag.eu\\\/fr\\\/produit\\\/barbara-31-semi-automatique\\\/\",\"name\":\"Barbara 31 Semi-Automatique - Battistella - B2C\",\"isPartOf\":{\"@id\":\"https:\\\/\\\/shop.battistellag.eu\\\/fr\\\/#website\"},\"primaryImageOfPage\":{\"@id\":\"https:\\\/\\\/shop.battistellag.eu\\\/fr\\\/produit\\\/barbara-31-semi-automatique\\\/#primaryimage\"},\"image\":{\"@id\":\"https:\\\/\\\/shop.battistellag.eu\\\/fr\\\/produit\\\/barbara-31-semi-automatique\\\/#primaryimage\"},\"thumbnailUrl\":\"https:\\\/\\\/shop.battistellag.eu\\\/wp-content\\\/uploads\\\/2020\\\/07\\\/Barbara-semiautomatica-new.jpeg\",\"datePublished\":\"2020-07-15T05:35:19+00:00\",\"dateModified\":\"2024-07-17T07:55:53+00:00\",\"breadcrumb\":{\"@id\":\"https:\\\/\\\/shop.battistellag.eu\\\/fr\\\/produit\\\/barbara-31-semi-automatique\\\/#breadcrumb\"},\"inLanguage\":\"fr-FR\",\"potentialAction\":[{\"@type\":\"ReadAction\",\"target\":[\"https:\\\/\\\/shop.battistellag.eu\\\/fr\\\/produit\\\/barbara-31-semi-automatique\\\/\"]}]},{\"@type\":\"ImageObject\",\"inLanguage\":\"fr-FR\",\"@id\":\"https:\\\/\\\/shop.battistellag.eu\\\/fr\\\/produit\\\/barbara-31-semi-automatique\\\/#primaryimage\",\"url\":\"https:\\\/\\\/shop.battistellag.eu\\\/wp-content\\\/uploads\\\/2020\\\/07\\\/Barbara-semiautomatica-new.jpeg\",\"contentUrl\":\"https:\\\/\\\/shop.battistellag.eu\\\/wp-content\\\/uploads\\\/2020\\\/07\\\/Barbara-semiautomatica-new.jpeg\",\"width\":800,\"height\":800},{\"@type\":\"BreadcrumbList\",\"@id\":\"https:\\\/\\\/shop.battistellag.eu\\\/fr\\\/produit\\\/barbara-31-semi-automatique\\\/#breadcrumb\",\"itemListElement\":[{\"@type\":\"ListItem\",\"position\":1,\"name\":\"Home\",\"item\":\"https:\\\/\\\/shop.battistellag.eu\\\/fr\\\/\"},{\"@type\":\"ListItem\",\"position\":2,\"name\":\"Tous les produits\",\"item\":\"https:\\\/\\\/shop.battistellag.eu\\\/prodotti\\\/\"},{\"@type\":\"ListItem\",\"position\":3,\"name\":\"Barbara 31 Semi-Automatique\"}]},{\"@type\":\"WebSite\",\"@id\":\"https:\\\/\\\/shop.battistellag.eu\\\/fr\\\/#website\",\"url\":\"https:\\\/\\\/shop.battistellag.eu\\\/fr\\\/\",\"name\":\"Battistella - B2C\",\"description\":\"\",\"publisher\":{\"@id\":\"https:\\\/\\\/shop.battistellag.eu\\\/fr\\\/#organization\"},\"potentialAction\":[{\"@type\":\"SearchAction\",\"target\":{\"@type\":\"EntryPoint\",\"urlTemplate\":\"https:\\\/\\\/shop.battistellag.eu\\\/fr\\\/?s={search_term_string}\"},\"query-input\":{\"@type\":\"PropertyValueSpecification\",\"valueRequired\":true,\"valueName\":\"search_term_string\"}}],\"inLanguage\":\"fr-FR\"},{\"@type\":\"Organization\",\"@id\":\"https:\\\/\\\/shop.battistellag.eu\\\/fr\\\/#organization\",\"name\":\"Battistella - B2C\",\"url\":\"https:\\\/\\\/shop.battistellag.eu\\\/fr\\\/\",\"logo\":{\"@type\":\"ImageObject\",\"inLanguage\":\"fr-FR\",\"@id\":\"https:\\\/\\\/shop.battistellag.eu\\\/fr\\\/#\\\/schema\\\/logo\\\/image\\\/\",\"url\":\"https:\\\/\\\/shop.battistellag.eu\\\/wp-content\\\/uploads\\\/2023\\\/10\\\/logo.webp\",\"contentUrl\":\"https:\\\/\\\/shop.battistellag.eu\\\/wp-content\\\/uploads\\\/2023\\\/10\\\/logo.webp\",\"width\":1445,\"height\":384,\"caption\":\"Battistella - B2C\"},\"image\":{\"@id\":\"https:\\\/\\\/shop.battistellag.eu\\\/fr\\\/#\\\/schema\\\/logo\\\/image\\\/\"}}]}<\/script>\n<!-- \/ Yoast SEO plugin. -->","yoast_head_json":{"title":"Barbara 31 Semi-Automatique - Battistella - B2C","robots":{"index":"noindex","follow":"follow","max-snippet":"max-snippet:-1","max-image-preview":"max-image-preview:large","max-video-preview":"max-video-preview:-1"},"og_locale":"fr_FR","og_type":"article","og_title":"Barbara 31 Semi-Automatique - Battistella - B2C","og_description":"G\u00e9n\u00e9rateur de vapeur semi-automatique avec chaudi\u00e8re de 4,5 L, pompe et fer \u00e0 repasser","og_url":"https:\/\/shop.battistellag.eu\/fr\/produit\/barbara-31-semi-automatique\/","og_site_name":"Battistella - B2C","article_modified_time":"2024-07-17T07:55:53+00:00","og_image":[{"width":800,"height":800,"url":"https:\/\/shop.battistellag.eu\/wp-content\/uploads\/2020\/07\/Barbara-semiautomatica-new.jpeg","type":"image\/jpeg"}],"twitter_card":"summary_large_image","twitter_misc":{"Dur\u00e9e de lecture estim\u00e9e":"1 minute"},"schema":{"@context":"https:\/\/schema.org","@graph":[{"@type":"WebPage","@id":"https:\/\/shop.battistellag.eu\/fr\/produit\/barbara-31-semi-automatique\/","url":"https:\/\/shop.battistellag.eu\/fr\/produit\/barbara-31-semi-automatique\/","name":"Barbara 31 Semi-Automatique - Battistella - B2C","isPartOf":{"@id":"https:\/\/shop.battistellag.eu\/fr\/#website"},"primaryImageOfPage":{"@id":"https:\/\/shop.battistellag.eu\/fr\/produit\/barbara-31-semi-automatique\/#primaryimage"},"image":{"@id":"https:\/\/shop.battistellag.eu\/fr\/produit\/barbara-31-semi-automatique\/#primaryimage"},"thumbnailUrl":"https:\/\/shop.battistellag.eu\/wp-content\/uploads\/2020\/07\/Barbara-semiautomatica-new.jpeg","datePublished":"2020-07-15T05:35:19+00:00","dateModified":"2024-07-17T07:55:53+00:00","breadcrumb":{"@id":"https:\/\/shop.battistellag.eu\/fr\/produit\/barbara-31-semi-automatique\/#breadcrumb"},"inLanguage":"fr-FR","potentialAction":[{"@type":"ReadAction","target":["https:\/\/shop.battistellag.eu\/fr\/produit\/barbara-31-semi-automatique\/"]}]},{"@type":"ImageObject","inLanguage":"fr-FR","@id":"https:\/\/shop.battistellag.eu\/fr\/produit\/barbara-31-semi-automatique\/#primaryimage","url":"https:\/\/shop.battistellag.eu\/wp-content\/uploads\/2020\/07\/Barbara-semiautomatica-new.jpeg","contentUrl":"https:\/\/shop.battistellag.eu\/wp-content\/uploads\/2020\/07\/Barbara-semiautomatica-new.jpeg","width":800,"height":800},{"@type":"BreadcrumbList","@id":"https:\/\/shop.battistellag.eu\/fr\/produit\/barbara-31-semi-automatique\/#breadcrumb","itemListElement":[{"@type":"ListItem","position":1,"name":"Home","item":"https:\/\/shop.battistellag.eu\/fr\/"},{"@type":"ListItem","position":2,"name":"Tous les produits","item":"https:\/\/shop.battistellag.eu\/prodotti\/"},{"@type":"ListItem","position":3,"name":"Barbara 31 Semi-Automatique"}]},{"@type":"WebSite","@id":"https:\/\/shop.battistellag.eu\/fr\/#website","url":"https:\/\/shop.battistellag.eu\/fr\/","name":"Battistella - B2C","description":"","publisher":{"@id":"https:\/\/shop.battistellag.eu\/fr\/#organization"},"potentialAction":[{"@type":"SearchAction","target":{"@type":"EntryPoint","urlTemplate":"https:\/\/shop.battistellag.eu\/fr\/?s={search_term_string}"},"query-input":{"@type":"PropertyValueSpecification","valueRequired":true,"valueName":"search_term_string"}}],"inLanguage":"fr-FR"},{"@type":"Organization","@id":"https:\/\/shop.battistellag.eu\/fr\/#organization","name":"Battistella - B2C","url":"https:\/\/shop.battistellag.eu\/fr\/","logo":{"@type":"ImageObject","inLanguage":"fr-FR","@id":"https:\/\/shop.battistellag.eu\/fr\/#\/schema\/logo\/image\/","url":"https:\/\/shop.battistellag.eu\/wp-content\/uploads\/2023\/10\/logo.webp","contentUrl":"https:\/\/shop.battistellag.eu\/wp-content\/uploads\/2023\/10\/logo.webp","width":1445,"height":384,"caption":"Battistella - B2C"},"image":{"@id":"https:\/\/shop.battistellag.eu\/fr\/#\/schema\/logo\/image\/"}}]}},"_links":{"self":[{"href":"https:\/\/shop.battistellag.eu\/fr\/wp-json\/wp\/v2\/product\/4750","targetHints":{"allow":["GET"]}}],"collection":[{"href":"https:\/\/shop.battistellag.eu\/fr\/wp-json\/wp\/v2\/product"}],"about":[{"href":"https:\/\/shop.battistellag.eu\/fr\/wp-json\/wp\/v2\/types\/product"}],"wp:featuredmedia":[{"embeddable":true,"href":"https:\/\/shop.battistellag.eu\/fr\/wp-json\/wp\/v2\/media\/8621"}],"wp:attachment":[{"href":"https:\/\/shop.battistellag.eu\/fr\/wp-json\/wp\/v2\/media?parent=4750"}],"wp:term":[{"taxonomy":"product_brand","embeddable":true,"href":"https:\/\/shop.battistellag.eu\/fr\/wp-json\/wp\/v2\/product_brand?post=4750"},{"taxonomy":"product_cat","embeddable":true,"href":"https:\/\/shop.battistellag.eu\/fr\/wp-json\/wp\/v2\/product_cat?post=4750"},{"taxonomy":"product_tag","embeddable":true,"href":"https:\/\/shop.battistellag.eu\/fr\/wp-json\/wp\/v2\/product_tag?post=4750"}],"curies":[{"name":"wp","href":"https:\/\/api.w.org\/{rel}","templated":true}]}}