{"id":8812,"date":"2023-10-31T14:55:27","date_gmt":"2023-10-31T14:55:27","guid":{"rendered":"https:\/\/b2c.battistellag.eu\/azienda\/"},"modified":"2024-06-20T15:32:59","modified_gmt":"2024-06-20T15:32:59","slug":"entreprise","status":"publish","type":"page","link":"https:\/\/shop.battistellag.eu\/fr\/entreprise\/","title":{"rendered":"Entreprise"},"content":{"rendered":"<p>[et_pb_section fb_built=\u00a0\u00bb1&Prime; admin_label=\u00a0\u00bbHeader\u00a0\u00bb _builder_version=\u00a0\u00bb4.23&Prime; _module_preset=\u00a0\u00bbdefault\u00a0\u00bb background_color=\u00a0\u00bbgcid-1ceede91-71be-464b-930c-ee204c722893&Prime; collapsed=\u00a0\u00bbon\u00a0\u00bb global_colors_info=\u00a0\u00bb{%22gcid-1ceede91-71be-464b-930c-ee204c722893%22:%91%22background_color%22%93}\u00a0\u00bb][et_pb_row column_structure=\u00a0\u00bb3_5,2_5&Prime; use_custom_gutter=\u00a0\u00bbon\u00a0\u00bb gutter_width=\u00a0\u00bb2&Prime; make_equal=\u00a0\u00bbon\u00a0\u00bb _builder_version=\u00a0\u00bb4.23&Prime; _module_preset=\u00a0\u00bbdefault\u00a0\u00bb background_enable_image=\u00a0\u00bboff\u00a0\u00bb global_colors_info=\u00a0\u00bb{}\u00a0\u00bb][et_pb_column type=\u00a0\u00bb3_5&Prime; _builder_version=\u00a0\u00bb4.23&Prime; _module_preset=\u00a0\u00bbdefault\u00a0\u00bb background_color=\u00a0\u00bbrgba(130,136,140,0.25)\u00a0\u00bb custom_padding=\u00a0\u00bb40px|40px|40px|40px|true|true\u00a0\u00bb custom_padding_tablet=\u00a0\u00bb30px|30px|30px|30px|true|true\u00a0\u00bb custom_padding_phone=\u00a0\u00bb20px|20px|20px|20px|true|true\u00a0\u00bb custom_padding_last_edited=\u00a0\u00bbon|desktop\u00a0\u00bb border_radii=\u00a0\u00bbon|20px|20px|20px|20px\u00a0\u00bb global_colors_info=\u00a0\u00bb{}\u00a0\u00bb][et_pb_text _builder_version=\u00a0\u00bb4.23&Prime; _module_preset=\u00a0\u00bbf95af86d-42d7-4e68-8702-a1b091e5c6ad\u00a0\u00bb header_4_font=\u00a0\u00bb|700||on|||||\u00a0\u00bb global_colors_info=\u00a0\u00bb{}\u00a0\u00bb]<\/p>\n<h4>PLUS DE 40 ANS D\u2019EXP\u00c9RIENCE<\/h4>\n<p>[\/et_pb_text][et_pb_text _builder_version=\u00a0\u00bb4.23&Prime; _module_preset=\u00a0\u00bb76956984-c6b7-431c-ad14-eff4120dd44e\u00a0\u00bb header_font=\u00a0\u00bb|600||on|||||\u00a0\u00bb custom_margin=\u00a0\u00bb||10px||false|false\u00a0\u00bb global_colors_info=\u00a0\u00bb{}\u00a0\u00bb]<\/p>\n<h1>Notre histoire<\/h1>\n<p>[\/et_pb_text][et_pb_text _builder_version=\u00a0\u00bb4.23&Prime; _module_preset=\u00a0\u00bb8a690b6a-d163-4ac9-88a1-6b947546cda3&Prime; text_font=\u00a0\u00bb||||||||\u00a0\u00bb global_colors_info=\u00a0\u00bb{}\u00a0\u00bb]<\/p>\n<p>Battistella B.G. S.r.l. s\u2019appuie sur plus de quarante ann\u00e9es d\u2019exp\u00e9rience qui lui ont permis de faire conna\u00eetre la marque dans le monde entier. Nous cr\u00e9ons et vendons depuis plusieurs ann\u00e9es des machines pour le repassage \u00e0 usage industriel et semi-professionnel.<\/p>\n<p>[\/et_pb_text][et_pb_button button_text=\u00a0\u00bbShop Online\u00a0\u00bb _builder_version=\u00a0\u00bb4.23&Prime; _module_preset=\u00a0\u00bbcce7dbd9-605d-44df-8d5e-c4af9776c859&Prime; button_bg_color=\u00a0\u00bb#FFFFFF\u00a0\u00bb button_font=\u00a0\u00bb|700||on|||||\u00a0\u00bb button_use_icon=\u00a0\u00bboff\u00a0\u00bb global_colors_info=\u00a0\u00bb{}\u00a0\u00bb button_text_color__hover_enabled=\u00a0\u00bbon|hover\u00a0\u00bb button_text_color__hover=\u00a0\u00bb#FFFFFF\u00a0\u00bb][\/et_pb_button][\/et_pb_column][et_pb_column type=\u00a0\u00bb2_5&Prime; _builder_version=\u00a0\u00bb4.23&Prime; _module_preset=\u00a0\u00bbdefault\u00a0\u00bb background_image=\u00a0\u00bbhttps:\/\/shop.battistellag.eu\/wp-content\/uploads\/2023\/10\/azienda-full.jpeg\u00a0\u00bb background_position=\u00a0\u00bbcenter_right\u00a0\u00bb border_radii=\u00a0\u00bbon|20px|20px|20px|20px\u00a0\u00bb global_colors_info=\u00a0\u00bb{}\u00a0\u00bb][et_pb_divider show_divider=\u00a0\u00bboff\u00a0\u00bb _builder_version=\u00a0\u00bb4.22.0&Prime; _module_preset=\u00a0\u00bbdefault\u00a0\u00bb height_tablet=\u00a0\u00bb40vw\u00a0\u00bb height_phone=\u00a0\u00bb40vw\u00a0\u00bb height_last_edited=\u00a0\u00bbon|desktop\u00a0\u00bb locked=\u00a0\u00bboff\u00a0\u00bb global_colors_info=\u00a0\u00bb{}\u00a0\u00bb][\/et_pb_divider][\/et_pb_column][\/et_pb_row][\/et_pb_section][et_pb_section fb_built=\u00a0\u00bb1&Prime; admin_label=\u00a0\u00bbAbout\u00a0\u00bb _builder_version=\u00a0\u00bb4.23&Prime; _module_preset=\u00a0\u00bbdefault\u00a0\u00bb background_color=\u00a0\u00bbrgba(130,136,140,0.25)\u00a0\u00bb locked=\u00a0\u00bboff\u00a0\u00bb collapsed=\u00a0\u00bbon\u00a0\u00bb global_colors_info=\u00a0\u00bb{}\u00a0\u00bb][et_pb_row column_structure=\u00a0\u00bb2_5,3_5&Prime; make_equal=\u00a0\u00bbon\u00a0\u00bb _builder_version=\u00a0\u00bb4.23&Prime; _module_preset=\u00a0\u00bbdefault\u00a0\u00bb custom_css_main_element=\u00a0\u00bbalign-items:center;\u00a0\u00bb global_colors_info=\u00a0\u00bb{}\u00a0\u00bb][et_pb_column type=\u00a0\u00bb2_5&Prime; _builder_version=\u00a0\u00bb4.22.0&Prime; _module_preset=\u00a0\u00bbdefault\u00a0\u00bb global_colors_info=\u00a0\u00bb{}\u00a0\u00bb][et_pb_image src=\u00a0\u00bbhttps:\/\/shop.battistellag.eu\/wp-content\/uploads\/2023\/10\/IRIDE-frame2mod.jpg\u00a0\u00bb title_text=\u00a0\u00bbIRIDE-frame2mod\u00a0\u00bb _builder_version=\u00a0\u00bb4.23&Prime; _module_preset=\u00a0\u00bbdefault\u00a0\u00bb border_radii=\u00a0\u00bbon|20px|20px|20px|20px\u00a0\u00bb global_colors_info=\u00a0\u00bb{}\u00a0\u00bb][\/et_pb_image][\/et_pb_column][et_pb_column type=\u00a0\u00bb3_5&Prime; _builder_version=\u00a0\u00bb4.22.0&Prime; _module_preset=\u00a0\u00bbdefault\u00a0\u00bb global_colors_info=\u00a0\u00bb{}\u00a0\u00bb][et_pb_text _builder_version=\u00a0\u00bb4.23&Prime; _module_preset=\u00a0\u00bbf95af86d-42d7-4e68-8702-a1b091e5c6ad\u00a0\u00bb header_4_text_color=\u00a0\u00bb#101827&Prime; global_colors_info=\u00a0\u00bb{}\u00a0\u00bb]<\/p>\n<h4>la croissance et le d\u00e9veloppement<\/h4>\n<p>[\/et_pb_text][et_pb_text _builder_version=\u00a0\u00bb4.23&Prime; _module_preset=\u00a0\u00bbaf231783-fd20-4af4-9600-2db81ccf2757&Prime; header_2_font=\u00a0\u00bb|600||on|||||\u00a0\u00bb header_2_text_color=\u00a0\u00bb#101827&Prime; header_4_text_color=\u00a0\u00bb#101827&Prime; custom_margin=\u00a0\u00bb||10px||false|false\u00a0\u00bb global_colors_info=\u00a0\u00bb{}\u00a0\u00bb]<\/p>\n<h2>Battistella<\/h2>\n<p>[\/et_pb_text][et_pb_text _builder_version=\u00a0\u00bb4.23&Prime; _module_preset=\u00a0\u00bb8a690b6a-d163-4ac9-88a1-6b947546cda3&Prime; text_font=\u00a0\u00bb||||||||\u00a0\u00bb text_text_color=\u00a0\u00bb#101827&Prime; header_4_text_color=\u00a0\u00bb#101827&Prime; global_colors_info=\u00a0\u00bb{}\u00a0\u00bb]<\/p>\n<p>Il ne reste d\u00e9sormais plus grand-chose de la petite entreprise, qui produisait des chaudi\u00e8res et des tables destin\u00e9es au march\u00e9 local il y a trente ans. La soci\u00e9t\u00e9 Battistella poss\u00e8de aujourd\u2019hui plus soixante-dix mod\u00e8les de tables, de g\u00e9n\u00e9rateurs de vapeur, de machines \u00e0 d\u00e9tacher, de toppers, de mannequins de repassage et de presses. Ce qui caract\u00e9rise depuis longtemps la marque BG et qui a permis sa diffusion sont la qualit\u00e9, les fonctionnalit\u00e9s et le respect des normes en mati\u00e8re de s\u00e9curit\u00e9. Distribuer rapidement les marchandises est devenu aussi une r\u00e9alit\u00e9, gr\u00e2ce \u00e0 un vaste entrep\u00f4t, dot\u00e9 d\u2019un large \u00e9ventail de produits et de pi\u00e8ces de rechange pr\u00eat pour la livraison.<\/p>\n<p>Pour concevoir de nouveaux mod\u00e8les, notre d\u00e9partement technique cherche \u00e0 cr\u00e9er des machines qui se caract\u00e9risent par une basse consommation et \u00e0 rendement \u00e9lev\u00e9 ; parmi ces machines, \u00e9voquons les g\u00e9n\u00e9rateurs de vapeur \u00e0 gestion \u00e9lectronique et les mannequins pneumatiques, \u00e9tudi\u00e9s sp\u00e9cialement pour les clients qui recherchent du haut de gamme et un repassage rapide. En prenant en compte les demandes d\u2019une client\u00e8le toujours plus nombreuse et exigeante, nous continuons \u00e0 travailler sur la cr\u00e9ation de produits innovants, mais aussi sur le contr\u00f4le et l\u2019am\u00e9lioration des produits d\u00e9j\u00e0 existants.<\/p>\n<p>Cette volont\u00e9 d\u2019innover et de recherche technologique en continu font de la soci\u00e9t\u00e9 Battistella une entreprise r\u00e9ellement dynamique, qui continue \u00e0 se d\u00e9velopper. De par notre envie \u00e0 nous renouveler constamment, nous avons cr\u00e9e des st\u00e9rilisateurs et des machines de nettoyage destin\u00e9s aux secteurs de la dentisterie et l\u2019orf\u00e8vrerie. Tous nos produits sont \u00e0 votre disposition lors de ventes priv\u00e9es, via Bessica \u00e0 Rossono Veneto.<\/p>\n<p>[\/et_pb_text][\/et_pb_column][\/et_pb_row][\/et_pb_section]<\/p>\n","protected":false},"excerpt":{"rendered":"<p>PLUS DE 40 ANS D\u2019EXP\u00c9RIENCENotre histoireBattistella B.G. S.r.l. s\u2019appuie sur plus de quarante ann\u00e9es d\u2019exp\u00e9rience qui lui ont permis de faire conna\u00eetre la marque dans le monde entier. Nous cr\u00e9ons et vendons depuis plusieurs ann\u00e9es des machines pour le repassage \u00e0 usage industriel et semi-professionnel.la croissance et le d\u00e9veloppementBattistellaIl ne reste d\u00e9sormais plus grand-chose de [&hellip;]<\/p>\n","protected":false},"author":1,"featured_media":0,"parent":0,"menu_order":0,"comment_status":"closed","ping_status":"closed","template":"","meta":{"_acf_changed":false,"_et_pb_use_builder":"on","_et_pb_old_content":"","_et_gb_content_width":"","inline_featured_image":false,"footnotes":""},"class_list":["post-8812","page","type-page","status-publish","hentry"],"acf":[],"yoast_head":"<!-- This site is optimized with the Yoast SEO plugin v27.5 - https:\/\/yoast.com\/product\/yoast-seo-wordpress\/ -->\n<title>Entreprise - Battistella - B2C<\/title>\n<meta name=\"robots\" content=\"noindex, follow, max-snippet:-1, max-image-preview:large, max-video-preview:-1\" \/>\n<meta property=\"og:locale\" content=\"fr_FR\" \/>\n<meta property=\"og:type\" content=\"article\" \/>\n<meta property=\"og:title\" content=\"Entreprise - Battistella - B2C\" \/>\n<meta property=\"og:description\" content=\"PLUS DE 40 ANS D\u2019EXP\u00c9RIENCENotre histoireBattistella B.G. S.r.l. s\u2019appuie sur plus de quarante ann\u00e9es d\u2019exp\u00e9rience qui lui ont permis de faire conna\u00eetre la marque dans le monde entier. Nous cr\u00e9ons et vendons depuis plusieurs ann\u00e9es des machines pour le repassage \u00e0 usage industriel et semi-professionnel.la croissance et le d\u00e9veloppementBattistellaIl ne reste d\u00e9sormais plus grand-chose de [&hellip;]\" \/>\n<meta property=\"og:url\" content=\"https:\/\/shop.battistellag.eu\/fr\/entreprise\/\" \/>\n<meta property=\"og:site_name\" content=\"Battistella - B2C\" \/>\n<meta property=\"article:modified_time\" content=\"2024-06-20T15:32:59+00:00\" \/>\n<meta name=\"twitter:card\" content=\"summary_large_image\" \/>\n<meta name=\"twitter:label1\" content=\"Dur\u00e9e de lecture estim\u00e9e\" \/>\n\t<meta name=\"twitter:data1\" content=\"2 minutes\" \/>\n<script type=\"application\/ld+json\" class=\"yoast-schema-graph\">{\"@context\":\"https:\\\/\\\/schema.org\",\"@graph\":[{\"@type\":\"WebPage\",\"@id\":\"https:\\\/\\\/shop.battistellag.eu\\\/fr\\\/entreprise\\\/\",\"url\":\"https:\\\/\\\/shop.battistellag.eu\\\/fr\\\/entreprise\\\/\",\"name\":\"Entreprise - Battistella - B2C\",\"isPartOf\":{\"@id\":\"https:\\\/\\\/shop.battistellag.eu\\\/fr\\\/#website\"},\"datePublished\":\"2023-10-31T14:55:27+00:00\",\"dateModified\":\"2024-06-20T15:32:59+00:00\",\"breadcrumb\":{\"@id\":\"https:\\\/\\\/shop.battistellag.eu\\\/fr\\\/entreprise\\\/#breadcrumb\"},\"inLanguage\":\"fr-FR\",\"potentialAction\":[{\"@type\":\"ReadAction\",\"target\":[\"https:\\\/\\\/shop.battistellag.eu\\\/fr\\\/entreprise\\\/\"]}]},{\"@type\":\"BreadcrumbList\",\"@id\":\"https:\\\/\\\/shop.battistellag.eu\\\/fr\\\/entreprise\\\/#breadcrumb\",\"itemListElement\":[{\"@type\":\"ListItem\",\"position\":1,\"name\":\"Home\",\"item\":\"https:\\\/\\\/shop.battistellag.eu\\\/fr\\\/\"},{\"@type\":\"ListItem\",\"position\":2,\"name\":\"Entreprise\"}]},{\"@type\":\"WebSite\",\"@id\":\"https:\\\/\\\/shop.battistellag.eu\\\/fr\\\/#website\",\"url\":\"https:\\\/\\\/shop.battistellag.eu\\\/fr\\\/\",\"name\":\"Battistella - B2C\",\"description\":\"\",\"publisher\":{\"@id\":\"https:\\\/\\\/shop.battistellag.eu\\\/fr\\\/#organization\"},\"potentialAction\":[{\"@type\":\"SearchAction\",\"target\":{\"@type\":\"EntryPoint\",\"urlTemplate\":\"https:\\\/\\\/shop.battistellag.eu\\\/fr\\\/?s={search_term_string}\"},\"query-input\":{\"@type\":\"PropertyValueSpecification\",\"valueRequired\":true,\"valueName\":\"search_term_string\"}}],\"inLanguage\":\"fr-FR\"},{\"@type\":\"Organization\",\"@id\":\"https:\\\/\\\/shop.battistellag.eu\\\/fr\\\/#organization\",\"name\":\"Battistella - B2C\",\"url\":\"https:\\\/\\\/shop.battistellag.eu\\\/fr\\\/\",\"logo\":{\"@type\":\"ImageObject\",\"inLanguage\":\"fr-FR\",\"@id\":\"https:\\\/\\\/shop.battistellag.eu\\\/fr\\\/#\\\/schema\\\/logo\\\/image\\\/\",\"url\":\"https:\\\/\\\/shop.battistellag.eu\\\/wp-content\\\/uploads\\\/2023\\\/10\\\/logo.webp\",\"contentUrl\":\"https:\\\/\\\/shop.battistellag.eu\\\/wp-content\\\/uploads\\\/2023\\\/10\\\/logo.webp\",\"width\":1445,\"height\":384,\"caption\":\"Battistella - B2C\"},\"image\":{\"@id\":\"https:\\\/\\\/shop.battistellag.eu\\\/fr\\\/#\\\/schema\\\/logo\\\/image\\\/\"}}]}<\/script>\n<!-- \/ Yoast SEO plugin. -->","yoast_head_json":{"title":"Entreprise - Battistella - B2C","robots":{"index":"noindex","follow":"follow","max-snippet":"max-snippet:-1","max-image-preview":"max-image-preview:large","max-video-preview":"max-video-preview:-1"},"og_locale":"fr_FR","og_type":"article","og_title":"Entreprise - Battistella - B2C","og_description":"PLUS DE 40 ANS D\u2019EXP\u00c9RIENCENotre histoireBattistella B.G. S.r.l. s\u2019appuie sur plus de quarante ann\u00e9es d\u2019exp\u00e9rience qui lui ont permis de faire conna\u00eetre la marque dans le monde entier. Nous cr\u00e9ons et vendons depuis plusieurs ann\u00e9es des machines pour le repassage \u00e0 usage industriel et semi-professionnel.la croissance et le d\u00e9veloppementBattistellaIl ne reste d\u00e9sormais plus grand-chose de [&hellip;]","og_url":"https:\/\/shop.battistellag.eu\/fr\/entreprise\/","og_site_name":"Battistella - B2C","article_modified_time":"2024-06-20T15:32:59+00:00","twitter_card":"summary_large_image","twitter_misc":{"Dur\u00e9e de lecture estim\u00e9e":"2 minutes"},"schema":{"@context":"https:\/\/schema.org","@graph":[{"@type":"WebPage","@id":"https:\/\/shop.battistellag.eu\/fr\/entreprise\/","url":"https:\/\/shop.battistellag.eu\/fr\/entreprise\/","name":"Entreprise - Battistella - B2C","isPartOf":{"@id":"https:\/\/shop.battistellag.eu\/fr\/#website"},"datePublished":"2023-10-31T14:55:27+00:00","dateModified":"2024-06-20T15:32:59+00:00","breadcrumb":{"@id":"https:\/\/shop.battistellag.eu\/fr\/entreprise\/#breadcrumb"},"inLanguage":"fr-FR","potentialAction":[{"@type":"ReadAction","target":["https:\/\/shop.battistellag.eu\/fr\/entreprise\/"]}]},{"@type":"BreadcrumbList","@id":"https:\/\/shop.battistellag.eu\/fr\/entreprise\/#breadcrumb","itemListElement":[{"@type":"ListItem","position":1,"name":"Home","item":"https:\/\/shop.battistellag.eu\/fr\/"},{"@type":"ListItem","position":2,"name":"Entreprise"}]},{"@type":"WebSite","@id":"https:\/\/shop.battistellag.eu\/fr\/#website","url":"https:\/\/shop.battistellag.eu\/fr\/","name":"Battistella - B2C","description":"","publisher":{"@id":"https:\/\/shop.battistellag.eu\/fr\/#organization"},"potentialAction":[{"@type":"SearchAction","target":{"@type":"EntryPoint","urlTemplate":"https:\/\/shop.battistellag.eu\/fr\/?s={search_term_string}"},"query-input":{"@type":"PropertyValueSpecification","valueRequired":true,"valueName":"search_term_string"}}],"inLanguage":"fr-FR"},{"@type":"Organization","@id":"https:\/\/shop.battistellag.eu\/fr\/#organization","name":"Battistella - B2C","url":"https:\/\/shop.battistellag.eu\/fr\/","logo":{"@type":"ImageObject","inLanguage":"fr-FR","@id":"https:\/\/shop.battistellag.eu\/fr\/#\/schema\/logo\/image\/","url":"https:\/\/shop.battistellag.eu\/wp-content\/uploads\/2023\/10\/logo.webp","contentUrl":"https:\/\/shop.battistellag.eu\/wp-content\/uploads\/2023\/10\/logo.webp","width":1445,"height":384,"caption":"Battistella - B2C"},"image":{"@id":"https:\/\/shop.battistellag.eu\/fr\/#\/schema\/logo\/image\/"}}]}},"_links":{"self":[{"href":"https:\/\/shop.battistellag.eu\/fr\/wp-json\/wp\/v2\/pages\/8812","targetHints":{"allow":["GET"]}}],"collection":[{"href":"https:\/\/shop.battistellag.eu\/fr\/wp-json\/wp\/v2\/pages"}],"about":[{"href":"https:\/\/shop.battistellag.eu\/fr\/wp-json\/wp\/v2\/types\/page"}],"author":[{"embeddable":true,"href":"https:\/\/shop.battistellag.eu\/fr\/wp-json\/wp\/v2\/users\/1"}],"replies":[{"embeddable":true,"href":"https:\/\/shop.battistellag.eu\/fr\/wp-json\/wp\/v2\/comments?post=8812"}],"version-history":[{"count":4,"href":"https:\/\/shop.battistellag.eu\/fr\/wp-json\/wp\/v2\/pages\/8812\/revisions"}],"predecessor-version":[{"id":8823,"href":"https:\/\/shop.battistellag.eu\/fr\/wp-json\/wp\/v2\/pages\/8812\/revisions\/8823"}],"wp:attachment":[{"href":"https:\/\/shop.battistellag.eu\/fr\/wp-json\/wp\/v2\/media?parent=8812"}],"curies":[{"name":"wp","href":"https:\/\/api.w.org\/{rel}","templated":true}]}}