{"id":8845,"date":"2023-10-31T14:39:59","date_gmt":"2023-10-31T14:39:59","guid":{"rendered":"https:\/\/b2c.battistellag.eu\/contatti\/"},"modified":"2024-06-20T15:55:37","modified_gmt":"2024-06-20T15:55:37","slug":"contacto","status":"publish","type":"page","link":"https:\/\/shop.battistellag.eu\/es\/contacto\/","title":{"rendered":"Contacto"},"content":{"rendered":"<p>[et_pb_section fb_built=\u00bb1&#8243; _builder_version=\u00bb4.23&#8243; _module_preset=\u00bbdefault\u00bb global_colors_info=\u00bb{}\u00bb][et_pb_row column_structure=\u00bb1_2,1_4,1_4&#8243; make_equal=\u00bbon\u00bb _builder_version=\u00bb4.23&#8243; _module_preset=\u00bbdefault\u00bb background_color=\u00bb#f7f7f9&#8243; width=\u00bb100%\u00bb max_width=\u00bb77%\u00bb max_width_tablet=\u00bb90%\u00bb max_width_phone=\u00bb90%\u00bb max_width_last_edited=\u00bbon|phone\u00bb custom_padding=\u00bb5%|5%|5%|5%|true|true\u00bb custom_css_main_element=\u00bbalign-items:center;\u00bb border_radii=\u00bbon|20px|20px|20px|20px\u00bb global_colors_info=\u00bb{}\u00bb][et_pb_column type=\u00bb1_2&#8243; _builder_version=\u00bb4.23&#8243; _module_preset=\u00bbdefault\u00bb global_colors_info=\u00bb{}\u00bb][et_pb_text _builder_version=\u00bb4.23&#8243; _module_preset=\u00bbdefault\u00bb header_font=\u00bb|600|||||||\u00bb header_font_size=\u00bb4em\u00bb header_font_size_tablet=\u00bb3em\u00bb header_font_size_phone=\u00bb2.5em\u00bb header_font_size_last_edited=\u00bbon|phone\u00bb global_colors_info=\u00bb{}\u00bb]<\/p>\n<h1>Ponemos nuestra experiencia a su disposici\u00f3n<\/h1>\n<p>[\/et_pb_text][et_pb_text _builder_version=\u00bb4.23&#8243; _module_preset=\u00bbdefault\u00bb global_colors_info=\u00bb{}\u00bb]<\/p>\n<p>Cont\u00e1ctenos<\/p>\n<p>[\/et_pb_text][\/et_pb_column][et_pb_column type=\u00bb1_4&#8243; _builder_version=\u00bb4.23&#8243; _module_preset=\u00bbdefault\u00bb global_colors_info=\u00bb{}\u00bb][et_pb_text _builder_version=\u00bb4.23&#8243; _module_preset=\u00bbdefault\u00bb link_text_color=\u00bb#6B7280&#8243; header_3_font=\u00bb|700||on|||||\u00bb global_colors_info=\u00bb{}\u00bb]<\/p>\n<h3>Puede encontrarnos aqu\u00ed<\/h3>\n<p><a href=\"https:\/\/maps.app.goo.gl\/G9ofmzNxR687HjE47\" target=\"_blank\" rel=\"noopener\">Via Bessica, 219 \u2013 36028 Rossano Veneto (Vicenza) ITALY<\/a><\/p>\n<p>[\/et_pb_text][et_pb_text _builder_version=\u00bb4.23&#8243; _module_preset=\u00bbdefault\u00bb link_text_color=\u00bb#6B7280&#8243; header_3_font=\u00bb|700||on|||||\u00bb global_colors_info=\u00bb{}\u00bb]<\/p>\n<h3>Ll\u00e1manos<\/h3>\n<p><a href=\"tel:+390424549027\">+39 0424 549027<\/a><\/p>\n<p>[\/et_pb_text][\/et_pb_column][et_pb_column type=\u00bb1_4&#8243; _builder_version=\u00bb4.23&#8243; _module_preset=\u00bbdefault\u00bb global_colors_info=\u00bb{}\u00bb][et_pb_text _builder_version=\u00bb4.23&#8243; _module_preset=\u00bbdefault\u00bb link_text_color=\u00bb#6B7280&#8243; header_3_font=\u00bb|700||on|||||\u00bb global_colors_info=\u00bb{}\u00bb]<\/p>\n<h3>Escr\u00edbanos<\/h3>\n<p><a href=\"mailto:info@battistellag.it\">info@battistellag.it<\/a><\/p>\n<p>[\/et_pb_text][et_pb_text _builder_version=\u00bb4.23&#8243; _module_preset=\u00bbdefault\u00bb link_text_color=\u00bb#6B7280&#8243; header_3_font=\u00bb|700||on|||||\u00bb custom_margin=\u00bb||3%||false|false\u00bb custom_padding=\u00bb||0px||false|false\u00bb global_colors_info=\u00bb{}\u00bb]<\/p>\n<h3>Social<\/h3>\n<p>[\/et_pb_text][et_pb_social_media_follow use_icon_font_size=\u00bbon\u00bb _builder_version=\u00bb4.23&#8243; _module_preset=\u00bbdefault\u00bb border_radii=\u00bbon|50%|50%|50%|50%\u00bb global_colors_info=\u00bb{}\u00bb][et_pb_social_media_follow_network social_network=\u00bbfacebook\u00bb _builder_version=\u00bb4.23&#8243; _module_preset=\u00bbdefault\u00bb background_color=\u00bb#101827&#8243; background_enable_color=\u00bbon\u00bb global_colors_info=\u00bb{}\u00bb follow_button=\u00bboff\u00bb url_new_window=\u00bbon\u00bb]facebook[\/et_pb_social_media_follow_network][et_pb_social_media_follow_network social_network=\u00bblinkedin\u00bb _builder_version=\u00bb4.23&#8243; _module_preset=\u00bbdefault\u00bb background_color=\u00bb#101827&#8243; background_enable_color=\u00bbon\u00bb global_colors_info=\u00bb{}\u00bb follow_button=\u00bboff\u00bb url_new_window=\u00bbon\u00bb]linkedin[\/et_pb_social_media_follow_network][et_pb_social_media_follow_network social_network=\u00bbinstagram\u00bb _builder_version=\u00bb4.23&#8243; _module_preset=\u00bbdefault\u00bb background_color=\u00bb#101827&#8243; background_enable_color=\u00bbon\u00bb global_colors_info=\u00bb{}\u00bb follow_button=\u00bboff\u00bb url_new_window=\u00bbon\u00bb]instagram[\/et_pb_social_media_follow_network][et_pb_social_media_follow_network social_network=\u00bbyoutube\u00bb _builder_version=\u00bb4.23&#8243; _module_preset=\u00bbdefault\u00bb background_color=\u00bb#101827&#8243; background_enable_color=\u00bbon\u00bb global_colors_info=\u00bb{}\u00bb follow_button=\u00bboff\u00bb url_new_window=\u00bbon\u00bb]youtube[\/et_pb_social_media_follow_network][\/et_pb_social_media_follow][\/et_pb_column][\/et_pb_row][\/et_pb_section]<\/p>\n","protected":false},"excerpt":{"rendered":"<p>Ponemos nuestra experiencia a su disposici\u00f3nCont\u00e1ctenosPuede encontrarnos aqu\u00ed Via Bessica, 219 \u2013 36028 Rossano Veneto (Vicenza) ITALYLl\u00e1manos +39 0424 549027Escr\u00edbanos info@battistellag.itSocial<\/p>\n","protected":false},"author":1,"featured_media":0,"parent":0,"menu_order":0,"comment_status":"closed","ping_status":"closed","template":"","meta":{"_acf_changed":false,"_et_pb_use_builder":"on","_et_pb_old_content":"","_et_gb_content_width":"","inline_featured_image":false,"footnotes":""},"class_list":["post-8845","page","type-page","status-publish","hentry"],"acf":[],"yoast_head":"<!-- This site is optimized with the Yoast SEO plugin v27.5 - https:\/\/yoast.com\/product\/yoast-seo-wordpress\/ -->\n<title>Contacto - Battistella - B2C<\/title>\n<meta name=\"robots\" content=\"noindex, follow, max-snippet:-1, max-image-preview:large, max-video-preview:-1\" \/>\n<meta property=\"og:locale\" content=\"es_ES\" \/>\n<meta property=\"og:type\" content=\"article\" \/>\n<meta property=\"og:title\" content=\"Contacto - Battistella - B2C\" \/>\n<meta property=\"og:description\" content=\"Ponemos nuestra experiencia a su disposici\u00f3nCont\u00e1ctenosPuede encontrarnos aqu\u00ed Via Bessica, 219 \u2013 36028 Rossano Veneto (Vicenza) ITALYLl\u00e1manos +39 0424 549027Escr\u00edbanos info@battistellag.itSocial\" \/>\n<meta property=\"og:url\" content=\"https:\/\/shop.battistellag.eu\/es\/contacto\/\" \/>\n<meta property=\"og:site_name\" content=\"Battistella - B2C\" \/>\n<meta property=\"article:modified_time\" content=\"2024-06-20T15:55:37+00:00\" \/>\n<meta name=\"twitter:card\" content=\"summary_large_image\" \/>\n<meta name=\"twitter:label1\" content=\"Tiempo de lectura\" \/>\n\t<meta name=\"twitter:data1\" content=\"1 minuto\" \/>\n<script type=\"application\/ld+json\" class=\"yoast-schema-graph\">{\"@context\":\"https:\\\/\\\/schema.org\",\"@graph\":[{\"@type\":\"WebPage\",\"@id\":\"https:\\\/\\\/shop.battistellag.eu\\\/es\\\/contacto\\\/\",\"url\":\"https:\\\/\\\/shop.battistellag.eu\\\/es\\\/contacto\\\/\",\"name\":\"Contacto - Battistella - B2C\",\"isPartOf\":{\"@id\":\"https:\\\/\\\/shop.battistellag.eu\\\/es\\\/#website\"},\"datePublished\":\"2023-10-31T14:39:59+00:00\",\"dateModified\":\"2024-06-20T15:55:37+00:00\",\"breadcrumb\":{\"@id\":\"https:\\\/\\\/shop.battistellag.eu\\\/es\\\/contacto\\\/#breadcrumb\"},\"inLanguage\":\"es\",\"potentialAction\":[{\"@type\":\"ReadAction\",\"target\":[\"https:\\\/\\\/shop.battistellag.eu\\\/es\\\/contacto\\\/\"]}]},{\"@type\":\"BreadcrumbList\",\"@id\":\"https:\\\/\\\/shop.battistellag.eu\\\/es\\\/contacto\\\/#breadcrumb\",\"itemListElement\":[{\"@type\":\"ListItem\",\"position\":1,\"name\":\"Home\",\"item\":\"https:\\\/\\\/shop.battistellag.eu\\\/es\\\/\"},{\"@type\":\"ListItem\",\"position\":2,\"name\":\"Contacto\"}]},{\"@type\":\"WebSite\",\"@id\":\"https:\\\/\\\/shop.battistellag.eu\\\/es\\\/#website\",\"url\":\"https:\\\/\\\/shop.battistellag.eu\\\/es\\\/\",\"name\":\"Battistella - B2C\",\"description\":\"\",\"publisher\":{\"@id\":\"https:\\\/\\\/shop.battistellag.eu\\\/es\\\/#organization\"},\"potentialAction\":[{\"@type\":\"SearchAction\",\"target\":{\"@type\":\"EntryPoint\",\"urlTemplate\":\"https:\\\/\\\/shop.battistellag.eu\\\/es\\\/?s={search_term_string}\"},\"query-input\":{\"@type\":\"PropertyValueSpecification\",\"valueRequired\":true,\"valueName\":\"search_term_string\"}}],\"inLanguage\":\"es\"},{\"@type\":\"Organization\",\"@id\":\"https:\\\/\\\/shop.battistellag.eu\\\/es\\\/#organization\",\"name\":\"Battistella - B2C\",\"url\":\"https:\\\/\\\/shop.battistellag.eu\\\/es\\\/\",\"logo\":{\"@type\":\"ImageObject\",\"inLanguage\":\"es\",\"@id\":\"https:\\\/\\\/shop.battistellag.eu\\\/es\\\/#\\\/schema\\\/logo\\\/image\\\/\",\"url\":\"https:\\\/\\\/shop.battistellag.eu\\\/wp-content\\\/uploads\\\/2023\\\/10\\\/logo.webp\",\"contentUrl\":\"https:\\\/\\\/shop.battistellag.eu\\\/wp-content\\\/uploads\\\/2023\\\/10\\\/logo.webp\",\"width\":1445,\"height\":384,\"caption\":\"Battistella - B2C\"},\"image\":{\"@id\":\"https:\\\/\\\/shop.battistellag.eu\\\/es\\\/#\\\/schema\\\/logo\\\/image\\\/\"}}]}<\/script>\n<!-- \/ Yoast SEO plugin. -->","yoast_head_json":{"title":"Contacto - Battistella - B2C","robots":{"index":"noindex","follow":"follow","max-snippet":"max-snippet:-1","max-image-preview":"max-image-preview:large","max-video-preview":"max-video-preview:-1"},"og_locale":"es_ES","og_type":"article","og_title":"Contacto - Battistella - B2C","og_description":"Ponemos nuestra experiencia a su disposici\u00f3nCont\u00e1ctenosPuede encontrarnos aqu\u00ed Via Bessica, 219 \u2013 36028 Rossano Veneto (Vicenza) ITALYLl\u00e1manos +39 0424 549027Escr\u00edbanos info@battistellag.itSocial","og_url":"https:\/\/shop.battistellag.eu\/es\/contacto\/","og_site_name":"Battistella - B2C","article_modified_time":"2024-06-20T15:55:37+00:00","twitter_card":"summary_large_image","twitter_misc":{"Tiempo de lectura":"1 minuto"},"schema":{"@context":"https:\/\/schema.org","@graph":[{"@type":"WebPage","@id":"https:\/\/shop.battistellag.eu\/es\/contacto\/","url":"https:\/\/shop.battistellag.eu\/es\/contacto\/","name":"Contacto - Battistella - B2C","isPartOf":{"@id":"https:\/\/shop.battistellag.eu\/es\/#website"},"datePublished":"2023-10-31T14:39:59+00:00","dateModified":"2024-06-20T15:55:37+00:00","breadcrumb":{"@id":"https:\/\/shop.battistellag.eu\/es\/contacto\/#breadcrumb"},"inLanguage":"es","potentialAction":[{"@type":"ReadAction","target":["https:\/\/shop.battistellag.eu\/es\/contacto\/"]}]},{"@type":"BreadcrumbList","@id":"https:\/\/shop.battistellag.eu\/es\/contacto\/#breadcrumb","itemListElement":[{"@type":"ListItem","position":1,"name":"Home","item":"https:\/\/shop.battistellag.eu\/es\/"},{"@type":"ListItem","position":2,"name":"Contacto"}]},{"@type":"WebSite","@id":"https:\/\/shop.battistellag.eu\/es\/#website","url":"https:\/\/shop.battistellag.eu\/es\/","name":"Battistella - B2C","description":"","publisher":{"@id":"https:\/\/shop.battistellag.eu\/es\/#organization"},"potentialAction":[{"@type":"SearchAction","target":{"@type":"EntryPoint","urlTemplate":"https:\/\/shop.battistellag.eu\/es\/?s={search_term_string}"},"query-input":{"@type":"PropertyValueSpecification","valueRequired":true,"valueName":"search_term_string"}}],"inLanguage":"es"},{"@type":"Organization","@id":"https:\/\/shop.battistellag.eu\/es\/#organization","name":"Battistella - B2C","url":"https:\/\/shop.battistellag.eu\/es\/","logo":{"@type":"ImageObject","inLanguage":"es","@id":"https:\/\/shop.battistellag.eu\/es\/#\/schema\/logo\/image\/","url":"https:\/\/shop.battistellag.eu\/wp-content\/uploads\/2023\/10\/logo.webp","contentUrl":"https:\/\/shop.battistellag.eu\/wp-content\/uploads\/2023\/10\/logo.webp","width":1445,"height":384,"caption":"Battistella - B2C"},"image":{"@id":"https:\/\/shop.battistellag.eu\/es\/#\/schema\/logo\/image\/"}}]}},"_links":{"self":[{"href":"https:\/\/shop.battistellag.eu\/es\/wp-json\/wp\/v2\/pages\/8845","targetHints":{"allow":["GET"]}}],"collection":[{"href":"https:\/\/shop.battistellag.eu\/es\/wp-json\/wp\/v2\/pages"}],"about":[{"href":"https:\/\/shop.battistellag.eu\/es\/wp-json\/wp\/v2\/types\/page"}],"author":[{"embeddable":true,"href":"https:\/\/shop.battistellag.eu\/es\/wp-json\/wp\/v2\/users\/1"}],"replies":[{"embeddable":true,"href":"https:\/\/shop.battistellag.eu\/es\/wp-json\/wp\/v2\/comments?post=8845"}],"version-history":[{"count":4,"href":"https:\/\/shop.battistellag.eu\/es\/wp-json\/wp\/v2\/pages\/8845\/revisions"}],"predecessor-version":[{"id":8865,"href":"https:\/\/shop.battistellag.eu\/es\/wp-json\/wp\/v2\/pages\/8845\/revisions\/8865"}],"wp:attachment":[{"href":"https:\/\/shop.battistellag.eu\/es\/wp-json\/wp\/v2\/media?parent=8845"}],"curies":[{"name":"wp","href":"https:\/\/api.w.org\/{rel}","templated":true}]}}