{"id":8815,"date":"2023-10-31T14:55:27","date_gmt":"2023-10-31T14:55:27","guid":{"rendered":"https:\/\/b2c.battistellag.eu\/azienda\/"},"modified":"2024-06-20T15:42:32","modified_gmt":"2024-06-20T15:42:32","slug":"empresa","status":"publish","type":"page","link":"https:\/\/shop.battistellag.eu\/es\/empresa\/","title":{"rendered":"Empresa"},"content":{"rendered":"<p>[et_pb_section fb_built=\u00bb1&#8243; admin_label=\u00bbHeader\u00bb _builder_version=\u00bb4.23&#8243; _module_preset=\u00bbdefault\u00bb background_color=\u00bbgcid-1ceede91-71be-464b-930c-ee204c722893&#8243; collapsed=\u00bbon\u00bb global_colors_info=\u00bb{%22gcid-1ceede91-71be-464b-930c-ee204c722893%22:%91%22background_color%22%93}\u00bb][et_pb_row column_structure=\u00bb3_5,2_5&#8243; use_custom_gutter=\u00bbon\u00bb gutter_width=\u00bb2&#8243; make_equal=\u00bbon\u00bb _builder_version=\u00bb4.23&#8243; _module_preset=\u00bbdefault\u00bb background_enable_image=\u00bboff\u00bb global_colors_info=\u00bb{}\u00bb][et_pb_column type=\u00bb3_5&#8243; _builder_version=\u00bb4.23&#8243; _module_preset=\u00bbdefault\u00bb background_color=\u00bbrgba(130,136,140,0.25)\u00bb custom_padding=\u00bb40px|40px|40px|40px|true|true\u00bb custom_padding_tablet=\u00bb30px|30px|30px|30px|true|true\u00bb custom_padding_phone=\u00bb20px|20px|20px|20px|true|true\u00bb custom_padding_last_edited=\u00bbon|desktop\u00bb border_radii=\u00bbon|20px|20px|20px|20px\u00bb global_colors_info=\u00bb{}\u00bb][et_pb_text _builder_version=\u00bb4.23&#8243; _module_preset=\u00bbf95af86d-42d7-4e68-8702-a1b091e5c6ad\u00bb header_4_font=\u00bb|700||on|||||\u00bb global_colors_info=\u00bb{}\u00bb]<\/p>\n<h4>M\u00c1S DE 40 A\u00d1OS DE EXPERIENCIA<\/h4>\n<p>[\/et_pb_text][et_pb_text _builder_version=\u00bb4.23&#8243; _module_preset=\u00bb76956984-c6b7-431c-ad14-eff4120dd44e\u00bb header_font=\u00bb|600||on|||||\u00bb custom_margin=\u00bb||10px||false|false\u00bb global_colors_info=\u00bb{}\u00bb]<\/p>\n<h1>Nuestra historia<\/h1>\n<p>[\/et_pb_text][et_pb_text _builder_version=\u00bb4.23&#8243; _module_preset=\u00bb8a690b6a-d163-4ac9-88a1-6b947546cda3&#8243; text_font=\u00bb||||||||\u00bb global_colors_info=\u00bb{}\u00bb]<\/p>\n<p>Battistella B. G. S.r.l. tiene m\u00e1s de cuarenta a\u00f1os de experiencia, lo que le ha permitido dar a conocer su marca en todo el mundo. Durante a\u00f1os han estado proyectando y vendiendo m\u00e1quinas de planchar para uso semi-profesional e industrial.<\/p>\n<p>[\/et_pb_text][et_pb_button button_text=\u00bbShop Online\u00bb _builder_version=\u00bb4.23&#8243; _module_preset=\u00bbcce7dbd9-605d-44df-8d5e-c4af9776c859&#8243; button_bg_color=\u00bb#FFFFFF\u00bb button_font=\u00bb|700||on|||||\u00bb button_use_icon=\u00bboff\u00bb global_colors_info=\u00bb{}\u00bb button_text_color__hover_enabled=\u00bbon|hover\u00bb button_text_color__hover=\u00bb#FFFFFF\u00bb][\/et_pb_button][\/et_pb_column][et_pb_column type=\u00bb2_5&#8243; _builder_version=\u00bb4.23&#8243; _module_preset=\u00bbdefault\u00bb background_image=\u00bbhttps:\/\/shop.battistellag.eu\/wp-content\/uploads\/2023\/10\/azienda-full.jpeg\u00bb background_position=\u00bbcenter_right\u00bb border_radii=\u00bbon|20px|20px|20px|20px\u00bb global_colors_info=\u00bb{}\u00bb][et_pb_divider show_divider=\u00bboff\u00bb _builder_version=\u00bb4.22.0&#8243; _module_preset=\u00bbdefault\u00bb height_tablet=\u00bb40vw\u00bb height_phone=\u00bb40vw\u00bb height_last_edited=\u00bbon|desktop\u00bb locked=\u00bboff\u00bb global_colors_info=\u00bb{}\u00bb][\/et_pb_divider][\/et_pb_column][\/et_pb_row][\/et_pb_section][et_pb_section fb_built=\u00bb1&#8243; admin_label=\u00bbAbout\u00bb _builder_version=\u00bb4.23&#8243; _module_preset=\u00bbdefault\u00bb background_color=\u00bbrgba(130,136,140,0.25)\u00bb locked=\u00bboff\u00bb collapsed=\u00bbon\u00bb global_colors_info=\u00bb{}\u00bb][et_pb_row column_structure=\u00bb2_5,3_5&#8243; make_equal=\u00bbon\u00bb _builder_version=\u00bb4.23&#8243; _module_preset=\u00bbdefault\u00bb custom_css_main_element=\u00bbalign-items:center;\u00bb global_colors_info=\u00bb{}\u00bb][et_pb_column type=\u00bb2_5&#8243; _builder_version=\u00bb4.22.0&#8243; _module_preset=\u00bbdefault\u00bb global_colors_info=\u00bb{}\u00bb][et_pb_image src=\u00bbhttps:\/\/shop.battistellag.eu\/wp-content\/uploads\/2023\/10\/IRIDE-frame2mod.jpg\u00bb title_text=\u00bbIRIDE-frame2mod\u00bb _builder_version=\u00bb4.23&#8243; _module_preset=\u00bbdefault\u00bb border_radii=\u00bbon|20px|20px|20px|20px\u00bb global_colors_info=\u00bb{}\u00bb][\/et_pb_image][\/et_pb_column][et_pb_column type=\u00bb3_5&#8243; _builder_version=\u00bb4.22.0&#8243; _module_preset=\u00bbdefault\u00bb global_colors_info=\u00bb{}\u00bb][et_pb_text _builder_version=\u00bb4.23&#8243; _module_preset=\u00bbf95af86d-42d7-4e68-8702-a1b091e5c6ad\u00bb header_4_text_color=\u00bb#101827&#8243; global_colors_info=\u00bb{}\u00bb]<\/p>\n<h4>crecimiento y desarrollo<\/h4>\n<p>[\/et_pb_text][et_pb_text _builder_version=\u00bb4.23&#8243; _module_preset=\u00bbaf231783-fd20-4af4-9600-2db81ccf2757&#8243; header_2_font=\u00bb|600||on|||||\u00bb header_2_text_color=\u00bb#101827&#8243; header_4_text_color=\u00bb#101827&#8243; custom_margin=\u00bb||10px||false|false\u00bb global_colors_info=\u00bb{}\u00bb]<\/p>\n<h2>Battistella<\/h2>\n<p>[\/et_pb_text][et_pb_text _builder_version=\u00bb4.23&#8243; _module_preset=\u00bb8a690b6a-d163-4ac9-88a1-6b947546cda3&#8243; text_font=\u00bb||||||||\u00bb text_text_color=\u00bb#101827&#8243; header_4_text_color=\u00bb#101827&#8243; global_colors_info=\u00bb{}\u00bb]<\/p>\n<p>Ahora queda muy poco de la peque\u00f1a empresa que hace treinta a\u00f1os produc\u00eda calderas y tablas para el mercado local. Hoy en d\u00eda la empresa Battistella tiene m\u00e1s de setenta modelos de tablas, generadores de vapor, quitamanchas, toppers, maniqu\u00edes y prensas. Lo que siempre ha caracterizado a la marca BG y ha hecho posible su difusi\u00f3n son la calidad, la funcionalidad y el respeto de las normas de seguridad. La r\u00e1pida distribuci\u00f3n de las mercanc\u00edas tambi\u00e9n es posible gracias al gran almac\u00e9n, equipado con una amplia gama de productos y piezas de repuesto para su pronta entrega.<\/p>\n<p>Al dise\u00f1ar nuevos modelos, el departamento t\u00e9cnico tiene como objetivo crear m\u00e1quinas que se caracterizan por su bajo consumo y alto rendimiento; entre ellas recordamos los generadores de vapor controlados electr\u00f3nicamente y los maniqu\u00edes neum\u00e1ticos, dise\u00f1ados espec\u00edficamente para los clientes que requieren un planchado r\u00e1pido y de alto nivel. Aprovechando las solicitudes de una clientela cada vez m\u00e1s numerosa y exigente, trabajamos constantemente en la creaci\u00f3n de productos innovadores, as\u00ed como en la revisi\u00f3n y optimizaci\u00f3n de los ya existentes.<\/p>\n<p>Y es precisamente el esp\u00edritu de innovaci\u00f3n y la continua investigaci\u00f3n tecnol\u00f3gica lo que hace de la empresa Battistella una realidad din\u00e1mica y en constante crecimiento. Gracias a este deseo de renovaci\u00f3n, se han creado tambi\u00e9n m\u00e1quinas de esterilizaci\u00f3n y limpieza para el sector odontol\u00f3gico y de oferbrer\u00eda. Toda la gama de productos est\u00e1 disponible en el sal\u00f3n de exposici\u00f3n de Via Bessica en Rossano Veneto.<\/p>\n<p>[\/et_pb_text][\/et_pb_column][\/et_pb_row][\/et_pb_section]<\/p>\n","protected":false},"excerpt":{"rendered":"<p>M\u00c1S DE 40 A\u00d1OS DE EXPERIENCIANuestra historiaBattistella B. G. S.r.l. tiene m\u00e1s de cuarenta a\u00f1os de experiencia, lo que le ha permitido dar a conocer su marca en todo el mundo. Durante a\u00f1os han estado proyectando y vendiendo m\u00e1quinas de planchar para uso semi-profesional e industrial.crecimiento y desarrolloBattistellaAhora queda muy poco de la peque\u00f1a empresa [&hellip;]<\/p>\n","protected":false},"author":1,"featured_media":0,"parent":0,"menu_order":0,"comment_status":"closed","ping_status":"closed","template":"","meta":{"_acf_changed":false,"_et_pb_use_builder":"on","_et_pb_old_content":"","_et_gb_content_width":"","inline_featured_image":false,"footnotes":""},"class_list":["post-8815","page","type-page","status-publish","hentry"],"acf":[],"yoast_head":"<!-- This site is optimized with the Yoast SEO plugin v27.5 - https:\/\/yoast.com\/product\/yoast-seo-wordpress\/ -->\n<title>Empresa - Battistella - B2C<\/title>\n<meta name=\"robots\" content=\"noindex, follow, max-snippet:-1, max-image-preview:large, max-video-preview:-1\" \/>\n<meta property=\"og:locale\" content=\"es_ES\" \/>\n<meta property=\"og:type\" content=\"article\" \/>\n<meta property=\"og:title\" content=\"Empresa - Battistella - B2C\" \/>\n<meta property=\"og:description\" content=\"M\u00c1S DE 40 A\u00d1OS DE EXPERIENCIANuestra historiaBattistella B. G. S.r.l. tiene m\u00e1s de cuarenta a\u00f1os de experiencia, lo que le ha permitido dar a conocer su marca en todo el mundo. Durante a\u00f1os han estado proyectando y vendiendo m\u00e1quinas de planchar para uso semi-profesional e industrial.crecimiento y desarrolloBattistellaAhora queda muy poco de la peque\u00f1a empresa [&hellip;]\" \/>\n<meta property=\"og:url\" content=\"https:\/\/shop.battistellag.eu\/es\/empresa\/\" \/>\n<meta property=\"og:site_name\" content=\"Battistella - B2C\" \/>\n<meta property=\"article:modified_time\" content=\"2024-06-20T15:42:32+00:00\" \/>\n<meta name=\"twitter:card\" content=\"summary_large_image\" \/>\n<meta name=\"twitter:label1\" content=\"Tiempo de lectura\" \/>\n\t<meta name=\"twitter:data1\" content=\"2 minutos\" \/>\n<script type=\"application\/ld+json\" class=\"yoast-schema-graph\">{\"@context\":\"https:\\\/\\\/schema.org\",\"@graph\":[{\"@type\":\"WebPage\",\"@id\":\"https:\\\/\\\/shop.battistellag.eu\\\/es\\\/empresa\\\/\",\"url\":\"https:\\\/\\\/shop.battistellag.eu\\\/es\\\/empresa\\\/\",\"name\":\"Empresa - Battistella - B2C\",\"isPartOf\":{\"@id\":\"https:\\\/\\\/shop.battistellag.eu\\\/es\\\/#website\"},\"datePublished\":\"2023-10-31T14:55:27+00:00\",\"dateModified\":\"2024-06-20T15:42:32+00:00\",\"breadcrumb\":{\"@id\":\"https:\\\/\\\/shop.battistellag.eu\\\/es\\\/empresa\\\/#breadcrumb\"},\"inLanguage\":\"es\",\"potentialAction\":[{\"@type\":\"ReadAction\",\"target\":[\"https:\\\/\\\/shop.battistellag.eu\\\/es\\\/empresa\\\/\"]}]},{\"@type\":\"BreadcrumbList\",\"@id\":\"https:\\\/\\\/shop.battistellag.eu\\\/es\\\/empresa\\\/#breadcrumb\",\"itemListElement\":[{\"@type\":\"ListItem\",\"position\":1,\"name\":\"Home\",\"item\":\"https:\\\/\\\/shop.battistellag.eu\\\/es\\\/\"},{\"@type\":\"ListItem\",\"position\":2,\"name\":\"Empresa\"}]},{\"@type\":\"WebSite\",\"@id\":\"https:\\\/\\\/shop.battistellag.eu\\\/es\\\/#website\",\"url\":\"https:\\\/\\\/shop.battistellag.eu\\\/es\\\/\",\"name\":\"Battistella - B2C\",\"description\":\"\",\"publisher\":{\"@id\":\"https:\\\/\\\/shop.battistellag.eu\\\/es\\\/#organization\"},\"potentialAction\":[{\"@type\":\"SearchAction\",\"target\":{\"@type\":\"EntryPoint\",\"urlTemplate\":\"https:\\\/\\\/shop.battistellag.eu\\\/es\\\/?s={search_term_string}\"},\"query-input\":{\"@type\":\"PropertyValueSpecification\",\"valueRequired\":true,\"valueName\":\"search_term_string\"}}],\"inLanguage\":\"es\"},{\"@type\":\"Organization\",\"@id\":\"https:\\\/\\\/shop.battistellag.eu\\\/es\\\/#organization\",\"name\":\"Battistella - B2C\",\"url\":\"https:\\\/\\\/shop.battistellag.eu\\\/es\\\/\",\"logo\":{\"@type\":\"ImageObject\",\"inLanguage\":\"es\",\"@id\":\"https:\\\/\\\/shop.battistellag.eu\\\/es\\\/#\\\/schema\\\/logo\\\/image\\\/\",\"url\":\"https:\\\/\\\/shop.battistellag.eu\\\/wp-content\\\/uploads\\\/2023\\\/10\\\/logo.webp\",\"contentUrl\":\"https:\\\/\\\/shop.battistellag.eu\\\/wp-content\\\/uploads\\\/2023\\\/10\\\/logo.webp\",\"width\":1445,\"height\":384,\"caption\":\"Battistella - B2C\"},\"image\":{\"@id\":\"https:\\\/\\\/shop.battistellag.eu\\\/es\\\/#\\\/schema\\\/logo\\\/image\\\/\"}}]}<\/script>\n<!-- \/ Yoast SEO plugin. -->","yoast_head_json":{"title":"Empresa - Battistella - B2C","robots":{"index":"noindex","follow":"follow","max-snippet":"max-snippet:-1","max-image-preview":"max-image-preview:large","max-video-preview":"max-video-preview:-1"},"og_locale":"es_ES","og_type":"article","og_title":"Empresa - Battistella - B2C","og_description":"M\u00c1S DE 40 A\u00d1OS DE EXPERIENCIANuestra historiaBattistella B. G. S.r.l. tiene m\u00e1s de cuarenta a\u00f1os de experiencia, lo que le ha permitido dar a conocer su marca en todo el mundo. Durante a\u00f1os han estado proyectando y vendiendo m\u00e1quinas de planchar para uso semi-profesional e industrial.crecimiento y desarrolloBattistellaAhora queda muy poco de la peque\u00f1a empresa [&hellip;]","og_url":"https:\/\/shop.battistellag.eu\/es\/empresa\/","og_site_name":"Battistella - B2C","article_modified_time":"2024-06-20T15:42:32+00:00","twitter_card":"summary_large_image","twitter_misc":{"Tiempo de lectura":"2 minutos"},"schema":{"@context":"https:\/\/schema.org","@graph":[{"@type":"WebPage","@id":"https:\/\/shop.battistellag.eu\/es\/empresa\/","url":"https:\/\/shop.battistellag.eu\/es\/empresa\/","name":"Empresa - Battistella - B2C","isPartOf":{"@id":"https:\/\/shop.battistellag.eu\/es\/#website"},"datePublished":"2023-10-31T14:55:27+00:00","dateModified":"2024-06-20T15:42:32+00:00","breadcrumb":{"@id":"https:\/\/shop.battistellag.eu\/es\/empresa\/#breadcrumb"},"inLanguage":"es","potentialAction":[{"@type":"ReadAction","target":["https:\/\/shop.battistellag.eu\/es\/empresa\/"]}]},{"@type":"BreadcrumbList","@id":"https:\/\/shop.battistellag.eu\/es\/empresa\/#breadcrumb","itemListElement":[{"@type":"ListItem","position":1,"name":"Home","item":"https:\/\/shop.battistellag.eu\/es\/"},{"@type":"ListItem","position":2,"name":"Empresa"}]},{"@type":"WebSite","@id":"https:\/\/shop.battistellag.eu\/es\/#website","url":"https:\/\/shop.battistellag.eu\/es\/","name":"Battistella - B2C","description":"","publisher":{"@id":"https:\/\/shop.battistellag.eu\/es\/#organization"},"potentialAction":[{"@type":"SearchAction","target":{"@type":"EntryPoint","urlTemplate":"https:\/\/shop.battistellag.eu\/es\/?s={search_term_string}"},"query-input":{"@type":"PropertyValueSpecification","valueRequired":true,"valueName":"search_term_string"}}],"inLanguage":"es"},{"@type":"Organization","@id":"https:\/\/shop.battistellag.eu\/es\/#organization","name":"Battistella - B2C","url":"https:\/\/shop.battistellag.eu\/es\/","logo":{"@type":"ImageObject","inLanguage":"es","@id":"https:\/\/shop.battistellag.eu\/es\/#\/schema\/logo\/image\/","url":"https:\/\/shop.battistellag.eu\/wp-content\/uploads\/2023\/10\/logo.webp","contentUrl":"https:\/\/shop.battistellag.eu\/wp-content\/uploads\/2023\/10\/logo.webp","width":1445,"height":384,"caption":"Battistella - B2C"},"image":{"@id":"https:\/\/shop.battistellag.eu\/es\/#\/schema\/logo\/image\/"}}]}},"_links":{"self":[{"href":"https:\/\/shop.battistellag.eu\/es\/wp-json\/wp\/v2\/pages\/8815","targetHints":{"allow":["GET"]}}],"collection":[{"href":"https:\/\/shop.battistellag.eu\/es\/wp-json\/wp\/v2\/pages"}],"about":[{"href":"https:\/\/shop.battistellag.eu\/es\/wp-json\/wp\/v2\/types\/page"}],"author":[{"embeddable":true,"href":"https:\/\/shop.battistellag.eu\/es\/wp-json\/wp\/v2\/users\/1"}],"replies":[{"embeddable":true,"href":"https:\/\/shop.battistellag.eu\/es\/wp-json\/wp\/v2\/comments?post=8815"}],"version-history":[{"count":4,"href":"https:\/\/shop.battistellag.eu\/es\/wp-json\/wp\/v2\/pages\/8815\/revisions"}],"predecessor-version":[{"id":8835,"href":"https:\/\/shop.battistellag.eu\/es\/wp-json\/wp\/v2\/pages\/8815\/revisions\/8835"}],"wp:attachment":[{"href":"https:\/\/shop.battistellag.eu\/es\/wp-json\/wp\/v2\/media?parent=8815"}],"curies":[{"name":"wp","href":"https:\/\/api.w.org\/{rel}","templated":true}]}}