{"id":8813,"date":"2023-10-31T14:55:27","date_gmt":"2023-10-31T14:55:27","guid":{"rendered":"https:\/\/b2c.battistellag.eu\/azienda\/"},"modified":"2024-06-20T15:36:14","modified_gmt":"2024-06-20T15:36:14","slug":"das-unternehmen","status":"publish","type":"page","link":"https:\/\/shop.battistellag.eu\/de\/das-unternehmen\/","title":{"rendered":"Das Unternehmen"},"content":{"rendered":"<p>[et_pb_section fb_built=&#8220;1&#8243; admin_label=&#8220;Header&#8220; _builder_version=&#8220;4.23&#8243; _module_preset=&#8220;default&#8220; background_color=&#8220;gcid-1ceede91-71be-464b-930c-ee204c722893&#8243; collapsed=&#8220;on&#8220; global_colors_info=&#8220;{%22gcid-1ceede91-71be-464b-930c-ee204c722893%22:%91%22background_color%22%93}&#8220;][et_pb_row column_structure=&#8220;3_5,2_5&#8243; use_custom_gutter=&#8220;on&#8220; gutter_width=&#8220;2&#8243; make_equal=&#8220;on&#8220; _builder_version=&#8220;4.23&#8243; _module_preset=&#8220;default&#8220; background_enable_image=&#8220;off&#8220; global_colors_info=&#8220;{}&#8220;][et_pb_column type=&#8220;3_5&#8243; _builder_version=&#8220;4.23&#8243; _module_preset=&#8220;default&#8220; background_color=&#8220;rgba(130,136,140,0.25)&#8220; custom_padding=&#8220;40px|40px|40px|40px|true|true&#8220; custom_padding_tablet=&#8220;30px|30px|30px|30px|true|true&#8220; custom_padding_phone=&#8220;20px|20px|20px|20px|true|true&#8220; custom_padding_last_edited=&#8220;on|desktop&#8220; border_radii=&#8220;on|20px|20px|20px|20px&#8220; global_colors_info=&#8220;{}&#8220;][et_pb_text _builder_version=&#8220;4.23&#8243; _module_preset=&#8220;f95af86d-42d7-4e68-8702-a1b091e5c6ad&#8220; header_4_font=&#8220;|700||on|||||&#8220; global_colors_info=&#8220;{}&#8220;]<\/p>\n<h4>MEHR ALS 40 JAHRE ERFAHRUNG<\/h4>\n<p>[\/et_pb_text][et_pb_text _builder_version=&#8220;4.23&#8243; _module_preset=&#8220;76956984-c6b7-431c-ad14-eff4120dd44e&#8220; header_font=&#8220;|600||on|||||&#8220; custom_margin=&#8220;||10px||false|false&#8220; global_colors_info=&#8220;{}&#8220;]<\/p>\n<h1>Unsere Geschichte<\/h1>\n<p>[\/et_pb_text][et_pb_text _builder_version=&#8220;4.23&#8243; _module_preset=&#8220;8a690b6a-d163-4ac9-88a1-6b947546cda3&#8243; text_font=&#8220;||||||||&#8220; global_colors_info=&#8220;{}&#8220;]<\/p>\n<p>Battistella B.G. S.r.l. verf\u00fcgt \u00fcber eine mehr als vierzigj\u00e4hrige Erfahrung, die es dem Unternehmen erm\u00f6glichte, ihre Marke in der ganzen Welt bekannt zu machen. Das Unternehmen entwirft und verkauft seit Jahren B\u00fcgelmaschinen f\u00fcr den semiprofessionellen und gewerblichen Gebrauch.<\/p>\n<p>[\/et_pb_text][et_pb_button button_text=&#8220;Shop Online&#8220; _builder_version=&#8220;4.23&#8243; _module_preset=&#8220;cce7dbd9-605d-44df-8d5e-c4af9776c859&#8243; button_bg_color=&#8220;#FFFFFF&#8220; button_font=&#8220;|700||on|||||&#8220; button_use_icon=&#8220;off&#8220; global_colors_info=&#8220;{}&#8220; button_text_color__hover_enabled=&#8220;on|hover&#8220; button_text_color__hover=&#8220;#FFFFFF&#8220;][\/et_pb_button][\/et_pb_column][et_pb_column type=&#8220;2_5&#8243; _builder_version=&#8220;4.23&#8243; _module_preset=&#8220;default&#8220; background_image=&#8220;https:\/\/shop.battistellag.eu\/wp-content\/uploads\/2023\/10\/azienda-full.jpeg&#8220; background_position=&#8220;center_right&#8220; border_radii=&#8220;on|20px|20px|20px|20px&#8220; global_colors_info=&#8220;{}&#8220;][et_pb_divider show_divider=&#8220;off&#8220; _builder_version=&#8220;4.22.0&#8243; _module_preset=&#8220;default&#8220; height_tablet=&#8220;40vw&#8220; height_phone=&#8220;40vw&#8220; height_last_edited=&#8220;on|desktop&#8220; locked=&#8220;off&#8220; global_colors_info=&#8220;{}&#8220;][\/et_pb_divider][\/et_pb_column][\/et_pb_row][\/et_pb_section][et_pb_section fb_built=&#8220;1&#8243; admin_label=&#8220;About&#8220; _builder_version=&#8220;4.23&#8243; _module_preset=&#8220;default&#8220; background_color=&#8220;rgba(130,136,140,0.25)&#8220; locked=&#8220;off&#8220; collapsed=&#8220;on&#8220; global_colors_info=&#8220;{}&#8220;][et_pb_row column_structure=&#8220;2_5,3_5&#8243; make_equal=&#8220;on&#8220; _builder_version=&#8220;4.23&#8243; _module_preset=&#8220;default&#8220; custom_css_main_element=&#8220;align-items:center;&#8220; global_colors_info=&#8220;{}&#8220;][et_pb_column type=&#8220;2_5&#8243; _builder_version=&#8220;4.22.0&#8243; _module_preset=&#8220;default&#8220; global_colors_info=&#8220;{}&#8220;][et_pb_image src=&#8220;https:\/\/shop.battistellag.eu\/wp-content\/uploads\/2023\/10\/IRIDE-frame2mod.jpg&#8220; title_text=&#8220;IRIDE-frame2mod&#8220; _builder_version=&#8220;4.23&#8243; _module_preset=&#8220;default&#8220; border_radii=&#8220;on|20px|20px|20px|20px&#8220; global_colors_info=&#8220;{}&#8220;][\/et_pb_image][\/et_pb_column][et_pb_column type=&#8220;3_5&#8243; _builder_version=&#8220;4.22.0&#8243; _module_preset=&#8220;default&#8220; global_colors_info=&#8220;{}&#8220;][et_pb_text _builder_version=&#8220;4.23&#8243; _module_preset=&#8220;f95af86d-42d7-4e68-8702-a1b091e5c6ad&#8220; header_4_text_color=&#8220;#101827&#8243; global_colors_info=&#8220;{}&#8220;]<\/p>\n<h4>Wachstum und Entwicklung<\/h4>\n<p>[\/et_pb_text][et_pb_text _builder_version=&#8220;4.23&#8243; _module_preset=&#8220;af231783-fd20-4af4-9600-2db81ccf2757&#8243; header_2_font=&#8220;|600||on|||||&#8220; header_2_text_color=&#8220;#101827&#8243; header_4_text_color=&#8220;#101827&#8243; custom_margin=&#8220;||10px||false|false&#8220; global_colors_info=&#8220;{}&#8220;]<\/p>\n<h2>Battistella<\/h2>\n<p>[\/et_pb_text][et_pb_text _builder_version=&#8220;4.23&#8243; _module_preset=&#8220;8a690b6a-d163-4ac9-88a1-6b947546cda3&#8243; text_font=&#8220;||||||||&#8220; text_text_color=&#8220;#101827&#8243; header_4_text_color=&#8220;#101827&#8243; global_colors_info=&#8220;{}&#8220;]<\/p>\n<p>Von der kleinen Firma, die vor drei\u00dfig Jahren Dampfkessel und B\u00fcgeltische f\u00fcr den regionalen Markt herstellte, ist heutzutage wenig \u00fcbrig geblieben. Battistella verf\u00fcgt derzeit \u00fcber mehr als siebzig Modelle von B\u00fcgeltischen, Dampfkesselmodellen, Detachiertischen, Toppern und Formfinishern und Pressen. Was die Marke BG seit jeher charakterisiert und ihre Verbreitung erm\u00f6glicht hat, sind ihre Qualit\u00e4t, Funktionalit\u00e4t und die Einhaltung jeglicher Sicherheitsvorschriften. Die schnelle Auslieferung der Ware wird durch das gro\u00dfe Lager unterst\u00fctzt, das mit einer breiten Palette von Produkten und Ersatzteilen f\u00fcr schnellste Lieferungen ausgestattet ist.<\/p>\n<p>Bei der Entwicklung neuer Modelle strebt die technische Abteilung die Entwicklung und Herstellung von Maschinen und Vorrichtungen an, die sich durch geringen Verbrauch und hohe Leistung auszeichnen; darunter erinnern wir an die elektronisch gesteuerten Dampfgeneratoren und pneumatischen Formfinisher, die speziell f\u00fcr Kunden entwickelt wurden, die eine schnelle und wirksame B\u00fcgelfunktion ben\u00f6tigen. Um die W\u00fcnsche einer immer gr\u00f6\u00dferen und anspruchsvolleren Kundschaft zu erf\u00fcllen, arbeiten wir st\u00e4ndig an der Schaffung innovativer Produkte sowie an der \u00dcberarbeitung und Optimierung bestehender Produkte.<\/p>\n<p>Und gerade der Innovationsgeist und die kontinuierliche technologische Forschung machen das Unternehmen Battistella zu einer dynamischen und st\u00e4ndig wachsenden Realit\u00e4t. Dank dem Wunsch nach Erneuerung wurden auch Sterilisierungs- und Reinigungsmaschinen f\u00fcr den Dental- und Goldschmiedesektor hergestellt. Das gesamte Produktsortiment ist im Ausstellungsraum in Via Bessica in Rossano Veneto, Italien erh\u00e4ltlich.<\/p>\n<p>[\/et_pb_text][\/et_pb_column][\/et_pb_row][\/et_pb_section]<\/p>\n","protected":false},"excerpt":{"rendered":"<p>MEHR ALS 40 JAHRE ERFAHRUNGUnsere GeschichteBattistella B.G. S.r.l. verf\u00fcgt \u00fcber eine mehr als vierzigj\u00e4hrige Erfahrung, die es dem Unternehmen erm\u00f6glichte, ihre Marke in der ganzen Welt bekannt zu machen. Das Unternehmen entwirft und verkauft seit Jahren B\u00fcgelmaschinen f\u00fcr den semiprofessionellen und gewerblichen Gebrauch.Wachstum und EntwicklungBattistellaVon der kleinen Firma, die vor drei\u00dfig Jahren Dampfkessel und B\u00fcgeltische [&hellip;]<\/p>\n","protected":false},"author":1,"featured_media":0,"parent":0,"menu_order":0,"comment_status":"closed","ping_status":"closed","template":"","meta":{"_acf_changed":false,"_et_pb_use_builder":"on","_et_pb_old_content":"","_et_gb_content_width":"","inline_featured_image":false,"footnotes":""},"class_list":["post-8813","page","type-page","status-publish","hentry"],"acf":[],"yoast_head":"<!-- This site is optimized with the Yoast SEO plugin v27.5 - https:\/\/yoast.com\/product\/yoast-seo-wordpress\/ -->\n<title>Das Unternehmen - Battistella - B2C<\/title>\n<meta name=\"robots\" content=\"noindex, follow, max-snippet:-1, max-image-preview:large, max-video-preview:-1\" \/>\n<meta property=\"og:locale\" content=\"de_DE\" \/>\n<meta property=\"og:type\" content=\"article\" \/>\n<meta property=\"og:title\" content=\"Das Unternehmen - Battistella - B2C\" \/>\n<meta property=\"og:description\" content=\"MEHR ALS 40 JAHRE ERFAHRUNGUnsere GeschichteBattistella B.G. S.r.l. verf\u00fcgt \u00fcber eine mehr als vierzigj\u00e4hrige Erfahrung, die es dem Unternehmen erm\u00f6glichte, ihre Marke in der ganzen Welt bekannt zu machen. Das Unternehmen entwirft und verkauft seit Jahren B\u00fcgelmaschinen f\u00fcr den semiprofessionellen und gewerblichen Gebrauch.Wachstum und EntwicklungBattistellaVon der kleinen Firma, die vor drei\u00dfig Jahren Dampfkessel und B\u00fcgeltische [&hellip;]\" \/>\n<meta property=\"og:url\" content=\"https:\/\/shop.battistellag.eu\/de\/das-unternehmen\/\" \/>\n<meta property=\"og:site_name\" content=\"Battistella - B2C\" \/>\n<meta property=\"article:modified_time\" content=\"2024-06-20T15:36:14+00:00\" \/>\n<meta name=\"twitter:card\" content=\"summary_large_image\" \/>\n<meta name=\"twitter:label1\" content=\"Gesch\u00e4tzte Lesezeit\" \/>\n\t<meta name=\"twitter:data1\" content=\"2\u00a0Minuten\" \/>\n<script type=\"application\/ld+json\" class=\"yoast-schema-graph\">{\"@context\":\"https:\\\/\\\/schema.org\",\"@graph\":[{\"@type\":\"WebPage\",\"@id\":\"https:\\\/\\\/shop.battistellag.eu\\\/de\\\/das-unternehmen\\\/\",\"url\":\"https:\\\/\\\/shop.battistellag.eu\\\/de\\\/das-unternehmen\\\/\",\"name\":\"Das Unternehmen - Battistella - B2C\",\"isPartOf\":{\"@id\":\"https:\\\/\\\/shop.battistellag.eu\\\/de\\\/#website\"},\"datePublished\":\"2023-10-31T14:55:27+00:00\",\"dateModified\":\"2024-06-20T15:36:14+00:00\",\"breadcrumb\":{\"@id\":\"https:\\\/\\\/shop.battistellag.eu\\\/de\\\/das-unternehmen\\\/#breadcrumb\"},\"inLanguage\":\"de\",\"potentialAction\":[{\"@type\":\"ReadAction\",\"target\":[\"https:\\\/\\\/shop.battistellag.eu\\\/de\\\/das-unternehmen\\\/\"]}]},{\"@type\":\"BreadcrumbList\",\"@id\":\"https:\\\/\\\/shop.battistellag.eu\\\/de\\\/das-unternehmen\\\/#breadcrumb\",\"itemListElement\":[{\"@type\":\"ListItem\",\"position\":1,\"name\":\"Home\",\"item\":\"https:\\\/\\\/shop.battistellag.eu\\\/de\\\/\"},{\"@type\":\"ListItem\",\"position\":2,\"name\":\"Das Unternehmen\"}]},{\"@type\":\"WebSite\",\"@id\":\"https:\\\/\\\/shop.battistellag.eu\\\/de\\\/#website\",\"url\":\"https:\\\/\\\/shop.battistellag.eu\\\/de\\\/\",\"name\":\"Battistella - B2C\",\"description\":\"\",\"publisher\":{\"@id\":\"https:\\\/\\\/shop.battistellag.eu\\\/de\\\/#organization\"},\"potentialAction\":[{\"@type\":\"SearchAction\",\"target\":{\"@type\":\"EntryPoint\",\"urlTemplate\":\"https:\\\/\\\/shop.battistellag.eu\\\/de\\\/?s={search_term_string}\"},\"query-input\":{\"@type\":\"PropertyValueSpecification\",\"valueRequired\":true,\"valueName\":\"search_term_string\"}}],\"inLanguage\":\"de\"},{\"@type\":\"Organization\",\"@id\":\"https:\\\/\\\/shop.battistellag.eu\\\/de\\\/#organization\",\"name\":\"Battistella - B2C\",\"url\":\"https:\\\/\\\/shop.battistellag.eu\\\/de\\\/\",\"logo\":{\"@type\":\"ImageObject\",\"inLanguage\":\"de\",\"@id\":\"https:\\\/\\\/shop.battistellag.eu\\\/de\\\/#\\\/schema\\\/logo\\\/image\\\/\",\"url\":\"https:\\\/\\\/shop.battistellag.eu\\\/wp-content\\\/uploads\\\/2023\\\/10\\\/logo.webp\",\"contentUrl\":\"https:\\\/\\\/shop.battistellag.eu\\\/wp-content\\\/uploads\\\/2023\\\/10\\\/logo.webp\",\"width\":1445,\"height\":384,\"caption\":\"Battistella - B2C\"},\"image\":{\"@id\":\"https:\\\/\\\/shop.battistellag.eu\\\/de\\\/#\\\/schema\\\/logo\\\/image\\\/\"}}]}<\/script>\n<!-- \/ Yoast SEO plugin. -->","yoast_head_json":{"title":"Das Unternehmen - Battistella - B2C","robots":{"index":"noindex","follow":"follow","max-snippet":"max-snippet:-1","max-image-preview":"max-image-preview:large","max-video-preview":"max-video-preview:-1"},"og_locale":"de_DE","og_type":"article","og_title":"Das Unternehmen - Battistella - B2C","og_description":"MEHR ALS 40 JAHRE ERFAHRUNGUnsere GeschichteBattistella B.G. S.r.l. verf\u00fcgt \u00fcber eine mehr als vierzigj\u00e4hrige Erfahrung, die es dem Unternehmen erm\u00f6glichte, ihre Marke in der ganzen Welt bekannt zu machen. Das Unternehmen entwirft und verkauft seit Jahren B\u00fcgelmaschinen f\u00fcr den semiprofessionellen und gewerblichen Gebrauch.Wachstum und EntwicklungBattistellaVon der kleinen Firma, die vor drei\u00dfig Jahren Dampfkessel und B\u00fcgeltische [&hellip;]","og_url":"https:\/\/shop.battistellag.eu\/de\/das-unternehmen\/","og_site_name":"Battistella - B2C","article_modified_time":"2024-06-20T15:36:14+00:00","twitter_card":"summary_large_image","twitter_misc":{"Gesch\u00e4tzte Lesezeit":"2\u00a0Minuten"},"schema":{"@context":"https:\/\/schema.org","@graph":[{"@type":"WebPage","@id":"https:\/\/shop.battistellag.eu\/de\/das-unternehmen\/","url":"https:\/\/shop.battistellag.eu\/de\/das-unternehmen\/","name":"Das Unternehmen - Battistella - B2C","isPartOf":{"@id":"https:\/\/shop.battistellag.eu\/de\/#website"},"datePublished":"2023-10-31T14:55:27+00:00","dateModified":"2024-06-20T15:36:14+00:00","breadcrumb":{"@id":"https:\/\/shop.battistellag.eu\/de\/das-unternehmen\/#breadcrumb"},"inLanguage":"de","potentialAction":[{"@type":"ReadAction","target":["https:\/\/shop.battistellag.eu\/de\/das-unternehmen\/"]}]},{"@type":"BreadcrumbList","@id":"https:\/\/shop.battistellag.eu\/de\/das-unternehmen\/#breadcrumb","itemListElement":[{"@type":"ListItem","position":1,"name":"Home","item":"https:\/\/shop.battistellag.eu\/de\/"},{"@type":"ListItem","position":2,"name":"Das Unternehmen"}]},{"@type":"WebSite","@id":"https:\/\/shop.battistellag.eu\/de\/#website","url":"https:\/\/shop.battistellag.eu\/de\/","name":"Battistella - B2C","description":"","publisher":{"@id":"https:\/\/shop.battistellag.eu\/de\/#organization"},"potentialAction":[{"@type":"SearchAction","target":{"@type":"EntryPoint","urlTemplate":"https:\/\/shop.battistellag.eu\/de\/?s={search_term_string}"},"query-input":{"@type":"PropertyValueSpecification","valueRequired":true,"valueName":"search_term_string"}}],"inLanguage":"de"},{"@type":"Organization","@id":"https:\/\/shop.battistellag.eu\/de\/#organization","name":"Battistella - B2C","url":"https:\/\/shop.battistellag.eu\/de\/","logo":{"@type":"ImageObject","inLanguage":"de","@id":"https:\/\/shop.battistellag.eu\/de\/#\/schema\/logo\/image\/","url":"https:\/\/shop.battistellag.eu\/wp-content\/uploads\/2023\/10\/logo.webp","contentUrl":"https:\/\/shop.battistellag.eu\/wp-content\/uploads\/2023\/10\/logo.webp","width":1445,"height":384,"caption":"Battistella - B2C"},"image":{"@id":"https:\/\/shop.battistellag.eu\/de\/#\/schema\/logo\/image\/"}}]}},"_links":{"self":[{"href":"https:\/\/shop.battistellag.eu\/de\/wp-json\/wp\/v2\/pages\/8813","targetHints":{"allow":["GET"]}}],"collection":[{"href":"https:\/\/shop.battistellag.eu\/de\/wp-json\/wp\/v2\/pages"}],"about":[{"href":"https:\/\/shop.battistellag.eu\/de\/wp-json\/wp\/v2\/types\/page"}],"author":[{"embeddable":true,"href":"https:\/\/shop.battistellag.eu\/de\/wp-json\/wp\/v2\/users\/1"}],"replies":[{"embeddable":true,"href":"https:\/\/shop.battistellag.eu\/de\/wp-json\/wp\/v2\/comments?post=8813"}],"version-history":[{"count":4,"href":"https:\/\/shop.battistellag.eu\/de\/wp-json\/wp\/v2\/pages\/8813\/revisions"}],"predecessor-version":[{"id":8827,"href":"https:\/\/shop.battistellag.eu\/de\/wp-json\/wp\/v2\/pages\/8813\/revisions\/8827"}],"wp:attachment":[{"href":"https:\/\/shop.battistellag.eu\/de\/wp-json\/wp\/v2\/media?parent=8813"}],"curies":[{"name":"wp","href":"https:\/\/api.w.org\/{rel}","templated":true}]}}