{"id":7959,"date":"2023-10-24T14:51:50","date_gmt":"2023-10-24T14:51:50","guid":{"rendered":"https:\/\/b2c.battistellag.eu\/home\/"},"modified":"2024-06-21T13:08:22","modified_gmt":"2024-06-21T13:08:22","slug":"home","status":"publish","type":"page","link":"https:\/\/shop.battistellag.eu\/de\/","title":{"rendered":"Home"},"content":{"rendered":"<p>[et_pb_section fb_built=&#8220;1&#8243; _builder_version=&#8220;4.23.1&#8243; _module_preset=&#8220;default&#8220; background_video_mp4=&#8220;https:\/\/shop.battistellag.eu\/wp-content\/uploads\/2023\/10\/Archimede-ADV-compress.mp4&#8243; height=&#8220;75vh&#8220; height_tablet=&#8220;70vh&#8220; height_phone=&#8220;70vh&#8220; height_last_edited=&#8220;on|phone&#8220; global_colors_info=&#8220;{}&#8220;][et_pb_row column_structure=&#8220;3_5,2_5&#8243; _builder_version=&#8220;4.23&#8243; _module_preset=&#8220;default&#8220; positioning=&#8220;absolute&#8220; position_origin_a=&#8220;center_center&#8220; mix_blend_mode=&#8220;exclusion&#8220; global_colors_info=&#8220;{}&#8220;][et_pb_column type=&#8220;3_5&#8243; _builder_version=&#8220;4.23&#8243; _module_preset=&#8220;default&#8220; global_colors_info=&#8220;{}&#8220;][et_pb_text _builder_version=&#8220;4.23.1&#8243; _module_preset=&#8220;default&#8220; header_font=&#8220;|700||on|||||&#8220; header_text_color=&#8220;#FFFFFF&#8220; header_font_size=&#8220;5em&#8220; header_font_size_tablet=&#8220;4em&#8220; header_font_size_phone=&#8220;2.5em&#8220; header_font_size_last_edited=&#8220;on|tablet&#8220; global_colors_info=&#8220;{}&#8220;]<\/p>\n<h1>Technologie f\u00fcr professionelles B\u00fcgeln<\/h1>\n<p>[\/et_pb_text][\/et_pb_column][et_pb_column type=&#8220;2_5&#8243; _builder_version=&#8220;4.23&#8243; _module_preset=&#8220;default&#8220; global_colors_info=&#8220;{}&#8220;][\/et_pb_column][\/et_pb_row][\/et_pb_section][et_pb_section fb_built=&#8220;1&#8243; _builder_version=&#8220;4.23&#8243; _module_preset=&#8220;default&#8220; global_colors_info=&#8220;{}&#8220;][et_pb_row _builder_version=&#8220;4.23&#8243; _module_preset=&#8220;default&#8220; global_colors_info=&#8220;{}&#8220;][et_pb_column type=&#8220;4_4&#8243; _builder_version=&#8220;4.23&#8243; _module_preset=&#8220;default&#8220; global_colors_info=&#8220;{}&#8220;][et_pb_text _builder_version=&#8220;4.23&#8243; _module_preset=&#8220;default&#8220; header_2_font=&#8220;|600|||||||&#8220; header_2_text_color=&#8220;#74ACAE&#8220; header_2_font_size=&#8220;2.25rem&#8220; header_2_font_size_tablet=&#8220;2.25rem&#8220; header_2_font_size_phone=&#8220;1.8rem&#8220; header_2_font_size_last_edited=&#8220;on|phone&#8220; global_colors_info=&#8220;{}&#8220;]<\/p>\n<h2>Entdecken Sie weitere Produkte!<\/h2>\n<p>[\/et_pb_text][\/et_pb_column][\/et_pb_row][et_pb_row _builder_version=&#8220;4.23&#8243; _module_preset=&#8220;default&#8220; width=&#8220;100%&#8220; max_width=&#8220;83%&#8220; max_width_tablet=&#8220;90%&#8220; max_width_phone=&#8220;90%&#8220; max_width_last_edited=&#8220;on|tablet&#8220; module_alignment=&#8220;right&#8220; global_colors_info=&#8220;{}&#8220;][et_pb_column type=&#8220;4_4&#8243; _builder_version=&#8220;4.23&#8243; _module_preset=&#8220;default&#8220; global_colors_info=&#8220;{}&#8220;][dipl_image_card_carousel cards_per_slide=&#8220;5&#8243; space_between_slides=&#8220;30px&#8220; slider_loop=&#8220;on&#8220; autoplay=&#8220;off&#8220; show_arrow=&#8220;on&#8220; previous_slide_arrow=&#8220;#||divi||400&#8243; next_slide_arrow=&#8220;$||divi||400&#8243; arrows_position=&#8220;top_left&#8220; arrows_custom_padding=&#8220;8px|8px|8px|8px|true|true&#8220; arrow_color=&#8220;#82888C&#8220; arrow_background_color=&#8220;#FFFFFF&#8220; arrow_background_border_size=&#8220;1px&#8220; arrow_background_border_color=&#8220;rgba(130,136,140,0.5)&#8220; cards_per_slide_tablet=&#8220;2&#8243; cards_per_slide_phone=&#8220;1&#8243; cards_per_slide_last_edited=&#8220;on|tablet&#8220; space_between_slides_tablet=&#8220;30px&#8220; space_between_slides_phone=&#8220;10px&#8220; space_between_slides_last_edited=&#8220;on|phone&#8220; arrows_position_tablet=&#8220;top_left&#8220; arrows_position_phone=&#8220;top_left&#8220; arrows_position_last_edited=&#8220;on|tablet&#8220; module_class=&#8220;slider-category-home&#8220; _builder_version=&#8220;4.25.1&#8243; _module_preset=&#8220;default&#8220; title_font=&#8220;|600||on|||||&#8220; title_font_size=&#8220;15px&#8220; text_orientation=&#8220;center&#8220; hover_enabled=&#8220;0&#8243; global_colors_info=&#8220;{}&#8220; sticky_enabled=&#8220;0&#8243;][dipl_image_card_carousel_item title=&#8220;Ferri da Stiro con Caldaia&#8220; image=&#8220;https:\/\/shop.battistellag.eu\/wp-content\/uploads\/2023\/10\/Cover-Generatori-di-vapore.jpg&#8220; show_button=&#8220;on&#8220; button_text=&#8220;Mostra tutti&#8220; button_url=&#8220;\/categoria-prodotto\/ferri-da-stiro-con-caldaia\/&#8220; _builder_version=&#8220;4.25.1&#8243; _module_preset=&#8220;default&#8220; link_option_url=&#8220;\/categoria-prodotto\/ferri-da-stiro-con-caldaia\/&#8220; hover_enabled=&#8220;0&#8243; global_colors_info=&#8220;{}&#8220; sticky_enabled=&#8220;0&#8243;][\/dipl_image_card_carousel_item][dipl_image_card_carousel_item title=&#8220;Assi da stiro&#8220; image=&#8220;https:\/\/shop.battistellag.eu\/wp-content\/uploads\/2023\/10\/Cover-Tavoli-senza-caldaia.jpg&#8220; show_button=&#8220;on&#8220; button_text=&#8220;Mostra tutti&#8220; button_url=&#8220;\/categoria-prodotto\/assi-da-stiro\/&#8220; _builder_version=&#8220;4.25.1&#8243; _module_preset=&#8220;default&#8220; link_option_url=&#8220;\/categoria-prodotto\/assi-da-stiro\/&#8220; hover_enabled=&#8220;0&#8243; global_colors_info=&#8220;{}&#8220; sticky_enabled=&#8220;0&#8243;][\/dipl_image_card_carousel_item][dipl_image_card_carousel_item title=&#8220;Assi da stiro con ferro e caldaia&#8220; image=&#8220;https:\/\/shop.battistellag.eu\/wp-content\/uploads\/2023\/10\/Cover-Tavoli-con-caldaia.jpg&#8220; show_button=&#8220;on&#8220; button_text=&#8220;Mostra tutti&#8220; button_url=&#8220;\/categoria-prodotto\/assi-da-stiro-con-ferro-e-caldaia&#8220; _builder_version=&#8220;4.25.1&#8243; _module_preset=&#8220;default&#8220; link_option_url=&#8220;\/categoria-prodotto\/assi-da-stiro-con-ferro-e-caldaia&#8220; hover_enabled=&#8220;0&#8243; global_colors_info=&#8220;{}&#8220; sticky_enabled=&#8220;0&#8243;][\/dipl_image_card_carousel_item][\/dipl_image_card_carousel][\/et_pb_column][\/et_pb_row][\/et_pb_section][et_pb_section fb_built=&#8220;1&#8243; _builder_version=&#8220;4.23&#8243; _module_preset=&#8220;default&#8220; custom_padding=&#8220;0px||||false|false&#8220; global_colors_info=&#8220;{}&#8220;][et_pb_row _builder_version=&#8220;4.23&#8243; _module_preset=&#8220;default&#8220; custom_padding=&#8220;0px||||false|false&#8220; global_colors_info=&#8220;{}&#8220;][et_pb_column type=&#8220;4_4&#8243; _builder_version=&#8220;4.23&#8243; _module_preset=&#8220;default&#8220; global_colors_info=&#8220;{}&#8220;][et_pb_text _builder_version=&#8220;4.23&#8243; _module_preset=&#8220;default&#8220; header_2_font=&#8220;|600|||||||&#8220; header_2_text_color=&#8220;#101827&#8243; header_2_font_size=&#8220;2.25rem&#8220; header_2_font_size_tablet=&#8220;2.25rem&#8220; header_2_font_size_phone=&#8220;1.8rem&#8220; header_2_font_size_last_edited=&#8220;on|phone&#8220; global_colors_info=&#8220;{}&#8220;]<\/p>\n<h2>Jetzt kaufen!<\/h2>\n<p>Wir entwickeln und verkaufen seit 45 Jahren B\u00fcgelger\u00e4te f\u00fcr den semiprofessionellen und industriellen Einsatz.<\/p>\n<p>[\/et_pb_text][\/et_pb_column][\/et_pb_row][et_pb_row _builder_version=&#8220;4.23.1&#8243; _module_preset=&#8220;default&#8220; global_colors_info=&#8220;{}&#8220;][et_pb_column type=&#8220;4_4&#8243; _builder_version=&#8220;4.23.1&#8243; _module_preset=&#8220;default&#8220; global_colors_info=&#8220;{}&#8220;][et_pb_shop posts_number=&#8220;8&#8243; icon_hover_color=&#8220;RGBA(255,255,255,0)&#8220; hover_overlay_color=&#8220;RGBA(255,255,255,0)&#8220; show_rating=&#8220;off&#8220; show_sale_badge=&#8220;off&#8220; _builder_version=&#8220;4.23.1&#8243; _module_preset=&#8220;default&#8220; border_color_all_image=&#8220;RGBA(255,255,255,0)&#8220; border_style_all_image=&#8220;none&#8220; border_style_all_image_last_edited=&#8220;off|desktop&#8220; global_colors_info=&#8220;{}&#8220; border_style_all_image__hover_enabled=&#8220;on|hover&#8220; border_style_all_image__hover=&#8220;none&#8220;][\/et_pb_shop][\/et_pb_column][\/et_pb_row][\/et_pb_section][et_pb_section fb_built=&#8220;1&#8243; _builder_version=&#8220;4.23&#8243; _module_preset=&#8220;default&#8220; background_color=&#8220;#f7f7f9&#8243; custom_padding=&#8220;0px||0px||true|false&#8220; global_colors_info=&#8220;{}&#8220;][et_pb_row _builder_version=&#8220;4.23&#8243; _module_preset=&#8220;default&#8220; global_colors_info=&#8220;{}&#8220;][et_pb_column type=&#8220;4_4&#8243; _builder_version=&#8220;4.23&#8243; _module_preset=&#8220;default&#8220; global_colors_info=&#8220;{}&#8220;][et_pb_text _builder_version=&#8220;4.23&#8243; _module_preset=&#8220;default&#8220; header_2_font=&#8220;|600|||||||&#8220; header_2_text_color=&#8220;#101827&#8243; header_2_font_size=&#8220;2.25rem&#8220; header_3_font=&#8220;|600|||||||&#8220; header_3_text_color=&#8220;#101827&#8243; header_3_font_size=&#8220;2.5rem&#8220; header_2_font_size_tablet=&#8220;2.25rem&#8220; header_2_font_size_phone=&#8220;1.8rem&#8220; header_2_font_size_last_edited=&#8220;on|phone&#8220; global_colors_info=&#8220;{}&#8220;]<\/p>\n<h3>Best sellers<\/h3>\n<p>[\/et_pb_text][\/et_pb_column][\/et_pb_row][et_pb_row _builder_version=&#8220;4.23.1&#8243; _module_preset=&#8220;default&#8220; max_width=&#8220;1400px&#8220; custom_padding=&#8220;0px||||false|false&#8220; global_colors_info=&#8220;{}&#8220;][et_pb_column type=&#8220;4_4&#8243; _builder_version=&#8220;4.23&#8243; _module_preset=&#8220;default&#8220; global_colors_info=&#8220;{}&#8220;][dipl_woo_products_carousel view_type=&#8220;best_selling&#8220; hide_out_of_stock=&#8220;on&#8220; enable_quickview=&#8220;on&#8220; quickview_link_text=&#8220;Anteprima&#8220; show_add_to_cart=&#8220;off&#8220; products_per_slide=&#8220;5&#8243; slides_per_group=&#8220;5&#8243; equalize_slides_height=&#8220;on&#8220; show_arrow=&#8220;on&#8220; previous_slide_arrow=&#8220;&lt;wpml_invalid_tag original=&#8220; pc93cgnvzgu=&#8220;&#8220;][\/dipl_woo_products_carousel][\/et_pb_column][\/et_pb_row][\/et_pb_section]<\/p>\n","protected":false},"excerpt":{"rendered":"<p>Technologie f\u00fcr professionelles B\u00fcgelnEntdecken Sie weitere Produkte!<div class=\"et_pb_module dipl_image_card_carousel dipl_image_card_carousel_0 slider-category-home  et_pb_text_align_center\">\n\t\t\t\t\n\t\t\t\t\n\t\t\t\t\n\t\t\t\t\n\t\t\t\t\n\t\t\t\t\n\t\t\t\t<div class=\"et_pb_module_inner\">\n\t\t\t\t\t<h1>No Result Found!<\/h1><p>The carousel you requested could not be found. Try changing your module settings or add some new cards.<\/p><\/div>\n\t\t\t\t<\/div>\n\t\t\t<\/div><div class=\"et_pb_module dipl_image_card_carousel_item dipl_image_card_carousel_item_0 et_clickable  et_pb_bg_layout_light dipl_image_card_carousel_slide swiper-slide\">\n\t\t\t\t\n\t\t\t\t\n\t\t\t\t\n\t\t\t\t\n\t\t\t\t\n\t\t\t\t\n\t\t\t\t<div class=\"et_pb_module_inner\">\n\t\t\t\t\t<div class=\"dipl_image_card_wrapper\"><div class=\"dipl_image_card_image_wrapper\"><img decoding=\"async\" src=\"https:\/\/shop.battistellag.eu\/wp-content\/uploads\/2023\/10\/Cover-Generatori-di-vapore.jpg\" alt=\"\" srcset=\"https:\/\/shop.battistellag.eu\/wp-content\/uploads\/2023\/10\/Cover-Generatori-di-vapore.jpg 1448w, https:\/\/shop.battistellag.eu\/wp-content\/uploads\/2023\/10\/Cover-Generatori-di-vapore-1280x2210.jpg 1280w, https:\/\/shop.battistellag.eu\/wp-content\/uploads\/2023\/10\/Cover-Generatori-di-vapore-980x1692.jpg 980w, https:\/\/shop.battistellag.eu\/wp-content\/uploads\/2023\/10\/Cover-Generatori-di-vapore-480x829.jpg 480w\" sizes=\"(min-width: 0px) and (max-width: 480px) 480px, (min-width: 481px) and (max-width: 980px) 980px, (min-width: 981px) and (max-width: 1280px) 1280px, (min-width: 1281px) 1448px, 100vw\" class=\"dipl_image_card_image no-lazyload skip-lazy\" \/><\/div><div class=\"dipl_image_card_content_wrapper\">\n\t\t\t\t\t\n\t\t\t\t\t<div class=\"dipl_image_card_inner_content_wrapper\"><h4 class=\"dipl_image_card_title\">Ferri da Stiro con Caldaia<\/h4><div class=\"et_pb_button_wrapper\"><a class=\"et_pb_button\" href=\"\/categoria-prodotto\/ferri-da-stiro-con-caldaia\/\">Mostra tutti<\/a><\/div><\/div>\n\t\t\t\t<\/div><\/div>\n\t\t\t\t<\/div>\n\t\t\t<\/div><div class=\"et_pb_module dipl_image_card_carousel_item dipl_image_card_carousel_item_1  et_pb_bg_layout_light dipl_image_card_carousel_slide swiper-slide\">\n\t\t\t\t\n\t\t\t\t\n\t\t\t\t\n\t\t\t\t\n\t\t\t\t\n\t\t\t\t\n\t\t\t\t<div class=\"et_pb_module_inner\">\n\t\t\t\t\t<div class=\"dipl_image_card_wrapper\"><div class=\"dipl_image_card_content_wrapper\">\n\t\t\t\t\t\n\t\t\t\t\t<div class=\"dipl_image_card_inner_content_wrapper\"><h4 class=\"dipl_image_card_title\">&#8220;Assi<\/h4><\/div>\n\t\t\t\t<\/div><\/div>\n\t\t\t\t<\/div>\n\t\t\t<\/div><\/p>\n","protected":false},"author":1,"featured_media":0,"parent":0,"menu_order":0,"comment_status":"closed","ping_status":"closed","template":"","meta":{"_acf_changed":false,"_et_pb_use_builder":"on","_et_pb_old_content":"","_et_gb_content_width":"","inline_featured_image":false,"footnotes":""},"class_list":["post-7959","page","type-page","status-publish","hentry"],"acf":[],"yoast_head":"<!-- This site is optimized with the Yoast SEO plugin v27.5 - https:\/\/yoast.com\/product\/yoast-seo-wordpress\/ -->\n<title>Home - Battistella - B2C<\/title>\n<meta name=\"robots\" content=\"noindex, follow, max-snippet:-1, max-image-preview:large, max-video-preview:-1\" \/>\n<meta property=\"og:locale\" content=\"de_DE\" \/>\n<meta property=\"og:type\" content=\"article\" \/>\n<meta property=\"og:title\" content=\"Home - Battistella - B2C\" \/>\n<meta property=\"og:description\" content=\"Technologie f\u00fcr professionelles B\u00fcgelnEntdecken Sie weitere Produkte!\" \/>\n<meta property=\"og:url\" content=\"https:\/\/shop.battistellag.eu\/de\/\" \/>\n<meta property=\"og:site_name\" content=\"Battistella - B2C\" \/>\n<meta property=\"article:modified_time\" content=\"2024-06-21T13:08:22+00:00\" \/>\n<meta name=\"twitter:card\" content=\"summary_large_image\" \/>\n<meta name=\"twitter:label1\" content=\"Gesch\u00e4tzte Lesezeit\" \/>\n\t<meta name=\"twitter:data1\" content=\"2\u00a0Minuten\" \/>\n<script type=\"application\/ld+json\" class=\"yoast-schema-graph\">{\"@context\":\"https:\\\/\\\/schema.org\",\"@graph\":[{\"@type\":\"WebPage\",\"@id\":\"https:\\\/\\\/shop.battistellag.eu\\\/de\\\/\",\"url\":\"https:\\\/\\\/shop.battistellag.eu\\\/de\\\/\",\"name\":\"Home - Battistella - B2C\",\"isPartOf\":{\"@id\":\"https:\\\/\\\/shop.battistellag.eu\\\/de\\\/#website\"},\"datePublished\":\"2023-10-24T14:51:50+00:00\",\"dateModified\":\"2024-06-21T13:08:22+00:00\",\"breadcrumb\":{\"@id\":\"https:\\\/\\\/shop.battistellag.eu\\\/de\\\/#breadcrumb\"},\"inLanguage\":\"de\",\"potentialAction\":[{\"@type\":\"ReadAction\",\"target\":[\"https:\\\/\\\/shop.battistellag.eu\\\/de\\\/\"]}]},{\"@type\":\"BreadcrumbList\",\"@id\":\"https:\\\/\\\/shop.battistellag.eu\\\/de\\\/#breadcrumb\",\"itemListElement\":[{\"@type\":\"ListItem\",\"position\":1,\"name\":\"Home\",\"item\":\"https:\\\/\\\/shop.battistellag.eu\\\/de\\\/\"},{\"@type\":\"ListItem\",\"position\":2,\"name\":\"Home\"}]},{\"@type\":\"WebSite\",\"@id\":\"https:\\\/\\\/shop.battistellag.eu\\\/de\\\/#website\",\"url\":\"https:\\\/\\\/shop.battistellag.eu\\\/de\\\/\",\"name\":\"Battistella - B2C\",\"description\":\"\",\"publisher\":{\"@id\":\"https:\\\/\\\/shop.battistellag.eu\\\/de\\\/#organization\"},\"potentialAction\":[{\"@type\":\"SearchAction\",\"target\":{\"@type\":\"EntryPoint\",\"urlTemplate\":\"https:\\\/\\\/shop.battistellag.eu\\\/de\\\/?s={search_term_string}\"},\"query-input\":{\"@type\":\"PropertyValueSpecification\",\"valueRequired\":true,\"valueName\":\"search_term_string\"}}],\"inLanguage\":\"de\"},{\"@type\":\"Organization\",\"@id\":\"https:\\\/\\\/shop.battistellag.eu\\\/de\\\/#organization\",\"name\":\"Battistella - B2C\",\"url\":\"https:\\\/\\\/shop.battistellag.eu\\\/de\\\/\",\"logo\":{\"@type\":\"ImageObject\",\"inLanguage\":\"de\",\"@id\":\"https:\\\/\\\/shop.battistellag.eu\\\/de\\\/#\\\/schema\\\/logo\\\/image\\\/\",\"url\":\"https:\\\/\\\/shop.battistellag.eu\\\/wp-content\\\/uploads\\\/2023\\\/10\\\/logo.webp\",\"contentUrl\":\"https:\\\/\\\/shop.battistellag.eu\\\/wp-content\\\/uploads\\\/2023\\\/10\\\/logo.webp\",\"width\":1445,\"height\":384,\"caption\":\"Battistella - B2C\"},\"image\":{\"@id\":\"https:\\\/\\\/shop.battistellag.eu\\\/de\\\/#\\\/schema\\\/logo\\\/image\\\/\"}}]}<\/script>\n<!-- \/ Yoast SEO plugin. -->","yoast_head_json":{"title":"Home - Battistella - B2C","robots":{"index":"noindex","follow":"follow","max-snippet":"max-snippet:-1","max-image-preview":"max-image-preview:large","max-video-preview":"max-video-preview:-1"},"og_locale":"de_DE","og_type":"article","og_title":"Home - Battistella - B2C","og_description":"Technologie f\u00fcr professionelles B\u00fcgelnEntdecken Sie weitere Produkte!","og_url":"https:\/\/shop.battistellag.eu\/de\/","og_site_name":"Battistella - B2C","article_modified_time":"2024-06-21T13:08:22+00:00","twitter_card":"summary_large_image","twitter_misc":{"Gesch\u00e4tzte Lesezeit":"2\u00a0Minuten"},"schema":{"@context":"https:\/\/schema.org","@graph":[{"@type":"WebPage","@id":"https:\/\/shop.battistellag.eu\/de\/","url":"https:\/\/shop.battistellag.eu\/de\/","name":"Home - Battistella - B2C","isPartOf":{"@id":"https:\/\/shop.battistellag.eu\/de\/#website"},"datePublished":"2023-10-24T14:51:50+00:00","dateModified":"2024-06-21T13:08:22+00:00","breadcrumb":{"@id":"https:\/\/shop.battistellag.eu\/de\/#breadcrumb"},"inLanguage":"de","potentialAction":[{"@type":"ReadAction","target":["https:\/\/shop.battistellag.eu\/de\/"]}]},{"@type":"BreadcrumbList","@id":"https:\/\/shop.battistellag.eu\/de\/#breadcrumb","itemListElement":[{"@type":"ListItem","position":1,"name":"Home","item":"https:\/\/shop.battistellag.eu\/de\/"},{"@type":"ListItem","position":2,"name":"Home"}]},{"@type":"WebSite","@id":"https:\/\/shop.battistellag.eu\/de\/#website","url":"https:\/\/shop.battistellag.eu\/de\/","name":"Battistella - B2C","description":"","publisher":{"@id":"https:\/\/shop.battistellag.eu\/de\/#organization"},"potentialAction":[{"@type":"SearchAction","target":{"@type":"EntryPoint","urlTemplate":"https:\/\/shop.battistellag.eu\/de\/?s={search_term_string}"},"query-input":{"@type":"PropertyValueSpecification","valueRequired":true,"valueName":"search_term_string"}}],"inLanguage":"de"},{"@type":"Organization","@id":"https:\/\/shop.battistellag.eu\/de\/#organization","name":"Battistella - B2C","url":"https:\/\/shop.battistellag.eu\/de\/","logo":{"@type":"ImageObject","inLanguage":"de","@id":"https:\/\/shop.battistellag.eu\/de\/#\/schema\/logo\/image\/","url":"https:\/\/shop.battistellag.eu\/wp-content\/uploads\/2023\/10\/logo.webp","contentUrl":"https:\/\/shop.battistellag.eu\/wp-content\/uploads\/2023\/10\/logo.webp","width":1445,"height":384,"caption":"Battistella - B2C"},"image":{"@id":"https:\/\/shop.battistellag.eu\/de\/#\/schema\/logo\/image\/"}}]}},"_links":{"self":[{"href":"https:\/\/shop.battistellag.eu\/de\/wp-json\/wp\/v2\/pages\/7959","targetHints":{"allow":["GET"]}}],"collection":[{"href":"https:\/\/shop.battistellag.eu\/de\/wp-json\/wp\/v2\/pages"}],"about":[{"href":"https:\/\/shop.battistellag.eu\/de\/wp-json\/wp\/v2\/types\/page"}],"author":[{"embeddable":true,"href":"https:\/\/shop.battistellag.eu\/de\/wp-json\/wp\/v2\/users\/1"}],"replies":[{"embeddable":true,"href":"https:\/\/shop.battistellag.eu\/de\/wp-json\/wp\/v2\/comments?post=7959"}],"version-history":[{"count":14,"href":"https:\/\/shop.battistellag.eu\/de\/wp-json\/wp\/v2\/pages\/7959\/revisions"}],"predecessor-version":[{"id":8876,"href":"https:\/\/shop.battistellag.eu\/de\/wp-json\/wp\/v2\/pages\/7959\/revisions\/8876"}],"wp:attachment":[{"href":"https:\/\/shop.battistellag.eu\/de\/wp-json\/wp\/v2\/media?parent=7959"}],"curies":[{"name":"wp","href":"https:\/\/api.w.org\/{rel}","templated":true}]}}